{"id":611,"date":"2023-03-14T08:12:01","date_gmt":"2023-03-14T08:12:01","guid":{"rendered":"https:\/\/sustainableapprentices.eu\/cevrim-ici-ogrenme-platformu\/"},"modified":"2024-03-25T11:14:28","modified_gmt":"2024-03-25T11:14:28","slug":"cevrim-ici-ogrenme-platformu","status":"publish","type":"page","link":"https:\/\/sustainableapprentices.eu\/tr\/cevrim-ici-ogrenme-platformu\/","title":{"rendered":"\u00c7evrim \u0130\u00e7i \u00d6\u011frenme Platformu"},"content":{"rendered":"\t\t<div data-elementor-type=\"wp-page\" data-elementor-id=\"611\" class=\"elementor elementor-611 elementor-137\">\n\t\t\t\t\t\t<section class=\"elementor-section elementor-top-section elementor-element elementor-element-1acee47 elementor-section-boxed elementor-section-height-default elementor-section-height-default wpr-particle-no wpr-jarallax-no wpr-parallax-no wpr-sticky-section-no wpr-equal-height-no\" data-id=\"1acee47\" data-element_type=\"section\" data-e-type=\"section\">\n\t\t\t\t\t\t<div class=\"elementor-container elementor-column-gap-default\">\n\t\t\t\t\t<div class=\"elementor-column elementor-col-50 elementor-top-column elementor-element elementor-element-37196fd\" data-id=\"37196fd\" data-element_type=\"column\" data-e-type=\"column\">\n\t\t\t<div class=\"elementor-widget-wrap elementor-element-populated\">\n\t\t\t\t\t\t<div class=\"elementor-element elementor-element-728510b elementor-widget elementor-widget-heading\" data-id=\"728510b\" data-element_type=\"widget\" data-e-type=\"widget\" data-widget_type=\"heading.default\">\n\t\t\t\t<div class=\"elementor-widget-container\">\n\t\t\t\t\t<h2 class=\"elementor-heading-title elementor-size-default\">\u00c7evrim \u0130\u00e7i \u00d6\u011frenme Platformu<\/h2>\t\t\t\t<\/div>\n\t\t\t\t<\/div>\n\t\t\t\t<div class=\"elementor-element elementor-element-1d2ff0b elementor-widget-divider--view-line elementor-widget elementor-widget-divider\" data-id=\"1d2ff0b\" data-element_type=\"widget\" data-e-type=\"widget\" data-widget_type=\"divider.default\">\n\t\t\t\t<div class=\"elementor-widget-container\">\n\t\t\t\t\t\t\t<div class=\"elementor-divider\">\n\t\t\t<span class=\"elementor-divider-separator\">\n\t\t\t\t\t\t<\/span>\n\t\t<\/div>\n\t\t\t\t\t\t<\/div>\n\t\t\t\t<\/div>\n\t\t\t\t<div class=\"elementor-element elementor-element-4eea7e4 elementor-widget elementor-widget-heading\" data-id=\"4eea7e4\" data-element_type=\"widget\" data-e-type=\"widget\" data-widget_type=\"heading.default\">\n\t\t\t\t<div class=\"elementor-widget-container\">\n\t\t\t\t\t<h3 class=\"elementor-heading-title elementor-size-default\">KOB\u0130'lerde SKH\u2019lerin uygulanmas\u0131\ni\u00e7in \u00e7\u0131rakl\u0131k programlar\u0131n\u0131 desteklemeye\ny\u00f6nelik ECVET M\u00fcfredat\u0131<\/h3>\t\t\t\t<\/div>\n\t\t\t\t<\/div>\n\t\t\t\t<div class=\"elementor-element elementor-element-ad15220 elementor-widget elementor-widget-text-editor\" data-id=\"ad15220\" data-element_type=\"widget\" data-e-type=\"widget\" data-widget_type=\"text-editor.default\">\n\t\t\t\t<div class=\"elementor-widget-container\">\n\t\t\t\t\t\t\t\t\t<p>\u00c7evrim \u0130\u00e7i \u00d6\u011frenim Platformu, yenilik\u00e7i e\u011fitim ara\u00e7lar\u0131na sahip olan bir A\u00e7\u0131k E\u011fitim Kayna\u011f\u0131 olarak hizmet vermektedir. Mesleki e\u011fitim \u00f6\u011fretmenlerinin ve \u015firket i\u00e7i e\u011fitmenlerin rahatl\u0131kla kullanabilece\u011fi platform, ayn\u0131 zamanda sosyal bir ileti\u015fim a\u011f\u0131 g\u00f6revi g\u00f6recek olup proje s\u00fcresi ve sonras\u0131nda hizmet vermeye devam edecektir.<\/p>\n<p>Sustainable Apprentices \u00c7evrim \u0130\u00e7i \u00d6\u011frenme Platformu\u2019nda neler yer almaktad\u0131r?<\/p>\n\t\t\t\t\t\t\t\t<\/div>\n\t\t\t\t<\/div>\n\t\t\t\t<div class=\"elementor-element elementor-element-d4b8be5 elementor-align-start elementor-icon-list--layout-traditional elementor-list-item-link-full_width elementor-widget elementor-widget-icon-list\" data-id=\"d4b8be5\" data-element_type=\"widget\" data-e-type=\"widget\" data-widget_type=\"icon-list.default\">\n\t\t\t\t<div class=\"elementor-widget-container\">\n\t\t\t\t\t\t\t<ul class=\"elementor-icon-list-items\">\n\t\t\t\t\t\t\t<li class=\"elementor-icon-list-item\">\n\t\t\t\t\t\t\t\t\t\t\t<span class=\"elementor-icon-list-icon\">\n\t\t\t\t\t\t\t<i aria-hidden=\"true\" class=\"fas fa-check\"><\/i>\t\t\t\t\t\t<\/span>\n\t\t\t\t\t\t\t\t\t\t<span class=\"elementor-icon-list-text\"><strong>e-Rehber<\/strong>, KOB\u0130'lerde SKH\u2019lerin uygulanmas\u0131 i\u00e7in \u00e7\u0131rakl\u0131k programlar\u0131n\u0131 desteklemeye y\u00f6nelik yenilik\u00e7i projeler, politika belgeleri, metodolojik yakla\u015f\u0131mlar ve e\u011fitim ara\u00e7lar\u0131ndan olu\u015fan kapsaml\u0131 dijital bir rehberdir.<\/span>\n\t\t\t\t\t\t\t\t\t<\/li>\n\t\t\t\t\t\t\t\t<li class=\"elementor-icon-list-item\">\n\t\t\t\t\t\t\t\t\t\t\t<span class=\"elementor-icon-list-icon\">\n\t\t\t\t\t\t\t<i aria-hidden=\"true\" class=\"fas fa-check\"><\/i>\t\t\t\t\t\t<\/span>\n\t\t\t\t\t\t\t\t\t\t<span class=\"elementor-icon-list-text\"><strong>Kavramsal \u00c7er\u00e7eve<\/strong>, KOB\u0130'lerde SKH\u2019lerin uygulanmas\u0131 i\u00e7in \u00e7\u0131rakl\u0131k programlar\u0131n\u0131 desteklemeye y\u00f6nelik teorik temeller ve pedagojik yakla\u015f\u0131mlar i\u00e7ermektedir.<\/span>\n\t\t\t\t\t\t\t\t\t<\/li>\n\t\t\t\t\t\t\t\t<li class=\"elementor-icon-list-item\">\n\t\t\t\t\t\t\t\t\t\t\t<span class=\"elementor-icon-list-icon\">\n\t\t\t\t\t\t\t<i aria-hidden=\"true\" class=\"fas fa-check\"><\/i>\t\t\t\t\t\t<\/span>\n\t\t\t\t\t\t\t\t\t\t<span class=\"elementor-icon-list-text\">Hibrit \u00d6\u011frenme Kurslar\u0131, mesleki e\u011fitim \u00f6\u011fretmen ve \u00f6\u011frencilerine y\u00f6nelik olup KOB\u0130\u2019lerde \u00e7al\u0131\u015fan \u015firket i\u00e7i e\u011fitmenlerin de kullan\u0131m\u0131na uygundur. <strong>Hibrit kurslar<\/strong>, hem uzaktan e\u011fitime uygun \u00e7evrim i\u00e7i ders kaynaklar\u0131, hem de y\u00fcz y\u00fcze s\u0131n\u0131f ortam\u0131nda uygulanacak etkinliklerden olu\u015fmaktad\u0131r. <\/span>\n\t\t\t\t\t\t\t\t\t<\/li>\n\t\t\t\t\t\t<\/ul>\n\t\t\t\t\t\t<\/div>\n\t\t\t\t<\/div>\n\t\t\t\t<div class=\"elementor-element elementor-element-6d7240d elementor-align-center elementor-widget elementor-widget-button\" data-id=\"6d7240d\" data-element_type=\"widget\" data-e-type=\"widget\" data-widget_type=\"button.default\">\n\t\t\t\t<div class=\"elementor-widget-container\">\n\t\t\t\t\t\t\t\t\t<div class=\"elementor-button-wrapper\">\n\t\t\t\t\t<a class=\"elementor-button elementor-button-link elementor-size-sm\" href=\"https:\/\/tr-platform.sustainableapprentices.eu\/\" target=\"_blank\">\n\t\t\t\t\t\t<span class=\"elementor-button-content-wrapper\">\n\t\t\t\t\t\t\t\t\t<span class=\"elementor-button-text\">Sustainable Apprentices \u00c7evrim \u0130\u00e7i \u00d6\u011frenme Platformu\u2019na giri\u015f yap\u0131n\u0131z.<\/span>\n\t\t\t\t\t<\/span>\n\t\t\t\t\t<\/a>\n\t\t\t\t<\/div>\n\t\t\t\t\t\t\t\t<\/div>\n\t\t\t\t<\/div>\n\t\t\t\t\t<\/div>\n\t\t<\/div>\n\t\t\t\t<div class=\"elementor-column elementor-col-50 elementor-top-column elementor-element elementor-element-2b2a2cf\" data-id=\"2b2a2cf\" data-element_type=\"column\" data-e-type=\"column\">\n\t\t\t<div class=\"elementor-widget-wrap elementor-element-populated\">\n\t\t\t\t\t\t<div class=\"elementor-element elementor-element-90c8118 elementor-widget elementor-widget-image\" data-id=\"90c8118\" data-element_type=\"widget\" data-e-type=\"widget\" data-widget_type=\"image.default\">\n\t\t\t\t<div class=\"elementor-widget-container\">\n\t\t\t\t\t\t\t\t\t\t\t\t\t\t\t<img fetchpriority=\"high\" decoding=\"async\" width=\"500\" height=\"500\" src=\"https:\/\/sustainableapprentices.eu\/wp-content\/uploads\/2023\/03\/foto-lms.jpg\" class=\"attachment-large size-large wp-image-422\" alt=\"\" srcset=\"https:\/\/sustainableapprentices.eu\/wp-content\/uploads\/2023\/03\/foto-lms.jpg 500w, https:\/\/sustainableapprentices.eu\/wp-content\/uploads\/2023\/03\/foto-lms-300x300.jpg 300w, https:\/\/sustainableapprentices.eu\/wp-content\/uploads\/2023\/03\/foto-lms-150x150.jpg 150w\" sizes=\"(max-width: 500px) 100vw, 500px\" \/>\t\t\t\t\t\t\t\t\t\t\t\t\t\t\t<\/div>\n\t\t\t\t<\/div>\n\t\t\t\t\t<\/div>\n\t\t<\/div>\n\t\t\t\t\t<\/div>\n\t\t<\/section>\n\t\t\t\t<\/div>\n\t\t","protected":false},"excerpt":{"rendered":"<p>\u00c7evrim \u0130\u00e7i \u00d6\u011frenme Platformu KOB\u0130&#8217;lerde SKH\u2019lerin uygulanmas\u0131 i\u00e7in \u00e7\u0131rakl\u0131k programlar\u0131n\u0131 desteklemeye y\u00f6nelik ECVET M\u00fcfredat\u0131 \u00c7evrim \u0130\u00e7i \u00d6\u011frenim Platformu, yenilik\u00e7i e\u011fitim ara\u00e7lar\u0131na sahip olan bir A\u00e7\u0131k E\u011fitim Kayna\u011f\u0131 olarak hizmet vermektedir. Mesleki e\u011fitim \u00f6\u011fretmenlerinin ve \u015firket i\u00e7i e\u011fitmenlerin rahatl\u0131kla kullanabilece\u011fi platform, ayn\u0131 zamanda sosyal bir ileti\u015fim a\u011f\u0131 g\u00f6revi g\u00f6recek olup proje s\u00fcresi ve sonras\u0131nda hizmet vermeye devam edecektir. Sustainable Apprentices \u00c7evrim \u0130\u00e7i \u00d6\u011frenme Platformu\u2019nda neler yer almaktad\u0131r? e-Rehber, KOB\u0130&#8217;lerde SKH\u2019lerin uygulanmas\u0131 i\u00e7in \u00e7\u0131rakl\u0131k programlar\u0131n\u0131 desteklemeye y\u00f6nelik yenilik\u00e7i projeler, politika belgeleri, metodolojik yakla\u015f\u0131mlar ve e\u011fitim ara\u00e7lar\u0131ndan olu\u015fan kapsaml\u0131 dijital bir rehberdir. Kavramsal \u00c7er\u00e7eve, KOB\u0130&#8217;lerde SKH\u2019lerin uygulanmas\u0131 i\u00e7in \u00e7\u0131rakl\u0131k programlar\u0131n\u0131 desteklemeye y\u00f6nelik teorik temeller ve pedagojik yakla\u015f\u0131mlar i\u00e7ermektedir. Hibrit \u00d6\u011frenme Kurslar\u0131, mesleki e\u011fitim \u00f6\u011fretmen ve \u00f6\u011frencilerine y\u00f6nelik olup KOB\u0130\u2019lerde \u00e7al\u0131\u015fan \u015firket i\u00e7i e\u011fitmenlerin de kullan\u0131m\u0131na uygundur. Hibrit kurslar, hem uzaktan e\u011fitime uygun \u00e7evrim i\u00e7i ders kaynaklar\u0131, hem de y\u00fcz y\u00fcze s\u0131n\u0131f ortam\u0131nda uygulanacak etkinliklerden olu\u015fmaktad\u0131r. Sustainable Apprentices \u00c7evrim \u0130\u00e7i \u00d6\u011frenme Platformu\u2019na giri\u015f yap\u0131n\u0131z.<\/p>\n","protected":false},"author":1,"featured_media":0,"parent":0,"menu_order":0,"comment_status":"closed","ping_status":"closed","template":"","meta":{"_acf_changed":false,"footnotes":""},"class_list":["post-611","page","type-page","status-publish","hentry"],"acf":[],"_links":{"self":[{"href":"https:\/\/sustainableapprentices.eu\/tr\/wp-json\/wp\/v2\/pages\/611","targetHints":{"allow":["GET"]}}],"collection":[{"href":"https:\/\/sustainableapprentices.eu\/tr\/wp-json\/wp\/v2\/pages"}],"about":[{"href":"https:\/\/sustainableapprentices.eu\/tr\/wp-json\/wp\/v2\/types\/page"}],"author":[{"embeddable":true,"href":"https:\/\/sustainableapprentices.eu\/tr\/wp-json\/wp\/v2\/users\/1"}],"replies":[{"embeddable":true,"href":"https:\/\/sustainableapprentices.eu\/tr\/wp-json\/wp\/v2\/comments?post=611"}],"version-history":[{"count":13,"href":"https:\/\/sustainableapprentices.eu\/tr\/wp-json\/wp\/v2\/pages\/611\/revisions"}],"predecessor-version":[{"id":1041,"href":"https:\/\/sustainableapprentices.eu\/tr\/wp-json\/wp\/v2\/pages\/611\/revisions\/1041"}],"wp:attachment":[{"href":"https:\/\/sustainableapprentices.eu\/tr\/wp-json\/wp\/v2\/media?parent=611"}],"curies":[{"name":"wp","href":"https:\/\/api.w.org\/{rel}","templated":true}]}}