{"id":586,"date":"2023-03-10T17:50:35","date_gmt":"2023-03-10T17:50:35","guid":{"rendered":"https:\/\/sustainableapprentices.eu\/projeto\/"},"modified":"2023-09-12T08:12:36","modified_gmt":"2023-09-12T08:12:36","slug":"projeto","status":"publish","type":"page","link":"https:\/\/sustainableapprentices.eu\/pt-pt\/","title":{"rendered":"Projeto"},"content":{"rendered":"\t\t<div data-elementor-type=\"wp-page\" data-elementor-id=\"586\" class=\"elementor elementor-586 elementor-7\">\n\t\t\t\t\t\t<section class=\"elementor-section elementor-top-section elementor-element elementor-element-785eff2 elementor-section-boxed elementor-section-height-default elementor-section-height-default wpr-particle-no wpr-jarallax-no wpr-parallax-no wpr-sticky-section-no wpr-column-slider-no wpr-equal-height-no\" data-id=\"785eff2\" data-element_type=\"section\" data-e-type=\"section\" data-settings=\"{&quot;background_background&quot;:&quot;classic&quot;}\">\n\t\t\t\t\t\t<div class=\"elementor-container elementor-column-gap-default\">\n\t\t\t\t\t<div class=\"elementor-column elementor-col-50 elementor-top-column elementor-element elementor-element-5ca521a\" data-id=\"5ca521a\" data-element_type=\"column\" data-e-type=\"column\">\n\t\t\t<div class=\"elementor-widget-wrap elementor-element-populated\">\n\t\t\t\t\t\t<div class=\"elementor-element elementor-element-0aacbcd elementor-widget elementor-widget-heading\" data-id=\"0aacbcd\" data-element_type=\"widget\" data-e-type=\"widget\" data-widget_type=\"heading.default\">\n\t\t\t\t<div class=\"elementor-widget-container\">\n\t\t\t\t\t<h2 class=\"elementor-heading-title elementor-size-default\">Sobre<\/h2>\t\t\t\t<\/div>\n\t\t\t\t<\/div>\n\t\t\t\t<div class=\"elementor-element elementor-element-038d21d elementor-widget-divider--view-line elementor-widget elementor-widget-divider\" data-id=\"038d21d\" data-element_type=\"widget\" data-e-type=\"widget\" data-widget_type=\"divider.default\">\n\t\t\t\t<div class=\"elementor-widget-container\">\n\t\t\t\t\t\t\t<div class=\"elementor-divider\">\n\t\t\t<span class=\"elementor-divider-separator\">\n\t\t\t\t\t\t<\/span>\n\t\t<\/div>\n\t\t\t\t\t\t<\/div>\n\t\t\t\t<\/div>\n\t\t\t\t<div class=\"elementor-element elementor-element-7bff421 elementor-widget elementor-widget-text-editor\" data-id=\"7bff421\" data-element_type=\"widget\" data-e-type=\"widget\" data-widget_type=\"text-editor.default\">\n\t\t\t\t<div class=\"elementor-widget-container\">\n\t\t\t\t\t\t\t\t\t<p>O objetivo do projeto Sustainable Apprentices \u00e9 apoiar os formadores do Ensino e Forma\u00e7\u00e3o Profissional (EFP) na conce\u00e7\u00e3o de programas que criem oportunidades de forma\u00e7\u00e3o em contexto de trabalho e promovam a implementa\u00e7\u00e3o dos Objetivos de Desenvolvimento Sustent\u00e1vel (ODS) nas Pequenas e M\u00e9dias Empresas (PME). Atrav\u00e9s de ferramentas digitais e da aprendizagem baseada em projetos, visa fornecer aos formandos do EFP conhecimentos sobre pr\u00e1ticas e compet\u00eancias sustent\u00e1veis, altamente requeridas e necess\u00e1rias nas PME atuais.<\/p>\n<p>O setor privado \u00e9 uma componente fundamental do desenvolvimento sustent\u00e1vel, sendo que as PME representam 99,8% das empresas na Europa e empregam 97,7% da for\u00e7a de trabalho. \u00c9, portanto, crucial formar a m\u00e3o-de-obra do futuro nos princ\u00edpios da economia sustent\u00e1vel, prote\u00e7\u00e3o ambiental e inclus\u00e3o, a fim de moldar a cultura laboral e empresarial da pr\u00f3xima gera\u00e7\u00e3o a menos de dez anos para alcan\u00e7ar a meta dos 17 ODS estabelecidos pela Agenda 2030 da ONU.<\/p>\n\t\t\t\t\t\t\t\t<\/div>\n\t\t\t\t<\/div>\n\t\t\t\t\t<\/div>\n\t\t<\/div>\n\t\t\t\t<div class=\"elementor-column elementor-col-50 elementor-top-column elementor-element elementor-element-2eb557f\" data-id=\"2eb557f\" data-element_type=\"column\" data-e-type=\"column\">\n\t\t\t<div class=\"elementor-widget-wrap elementor-element-populated\">\n\t\t\t\t\t\t<div class=\"elementor-element elementor-element-e72155c elementor-widget elementor-widget-image\" data-id=\"e72155c\" data-element_type=\"widget\" data-e-type=\"widget\" data-widget_type=\"image.default\">\n\t\t\t\t<div class=\"elementor-widget-container\">\n\t\t\t\t\t\t\t\t\t\t\t\t\t\t\t<img fetchpriority=\"high\" decoding=\"async\" width=\"453\" height=\"237\" src=\"https:\/\/sustainableapprentices.eu\/wp-content\/uploads\/2023\/03\/logo_y_ods.svg\" class=\"attachment-large size-large wp-image-376\" alt=\"\" \/>\t\t\t\t\t\t\t\t\t\t\t\t\t\t\t<\/div>\n\t\t\t\t<\/div>\n\t\t\t\t<div class=\"elementor-element elementor-element-6ae43e8 elementor-widget elementor-widget-text-editor\" data-id=\"6ae43e8\" data-element_type=\"widget\" data-e-type=\"widget\" data-widget_type=\"text-editor.default\">\n\t\t\t\t<div class=\"elementor-widget-container\">\n\t\t\t\t\t\t\t\t\t<p>Formar a m\u00e3o de obra do futuro para aplicar os ODS nas PME atrav\u00e9s da aprendizagem em contexto de trabalho nos programas de aprendizagem<\/p>\n\t\t\t\t\t\t\t\t<\/div>\n\t\t\t\t<\/div>\n\t\t\t\t\t<\/div>\n\t\t<\/div>\n\t\t\t\t\t<\/div>\n\t\t<\/section>\n\t\t\t\t<section class=\"elementor-section elementor-top-section elementor-element elementor-element-4cfa759 elementor-section-boxed elementor-section-height-default elementor-section-height-default wpr-particle-no wpr-jarallax-no wpr-parallax-no wpr-sticky-section-no wpr-column-slider-no wpr-equal-height-no\" data-id=\"4cfa759\" data-element_type=\"section\" data-e-type=\"section\" data-settings=\"{&quot;background_background&quot;:&quot;classic&quot;}\">\n\t\t\t\t\t\t<div class=\"elementor-container elementor-column-gap-default\">\n\t\t\t\t\t<div class=\"elementor-column elementor-col-50 elementor-top-column elementor-element elementor-element-714dfa6\" data-id=\"714dfa6\" data-element_type=\"column\" data-e-type=\"column\">\n\t\t\t<div class=\"elementor-widget-wrap elementor-element-populated\">\n\t\t\t\t\t\t<div class=\"elementor-element elementor-element-27fc394 elementor-widget elementor-widget-heading\" data-id=\"27fc394\" data-element_type=\"widget\" data-e-type=\"widget\" data-widget_type=\"heading.default\">\n\t\t\t\t<div class=\"elementor-widget-container\">\n\t\t\t\t\t<h2 class=\"elementor-heading-title elementor-size-default\">Objetivos<\/h2>\t\t\t\t<\/div>\n\t\t\t\t<\/div>\n\t\t\t\t<div class=\"elementor-element elementor-element-ba52b42 elementor-widget-divider--view-line elementor-widget elementor-widget-divider\" data-id=\"ba52b42\" data-element_type=\"widget\" data-e-type=\"widget\" data-widget_type=\"divider.default\">\n\t\t\t\t<div class=\"elementor-widget-container\">\n\t\t\t\t\t\t\t<div class=\"elementor-divider\">\n\t\t\t<span class=\"elementor-divider-separator\">\n\t\t\t\t\t\t<\/span>\n\t\t<\/div>\n\t\t\t\t\t\t<\/div>\n\t\t\t\t<\/div>\n\t\t\t\t<div class=\"elementor-element elementor-element-b9b0c3a elementor-widget elementor-widget-text-editor\" data-id=\"b9b0c3a\" data-element_type=\"widget\" data-e-type=\"widget\" data-widget_type=\"text-editor.default\">\n\t\t\t\t<div class=\"elementor-widget-container\">\n\t\t\t\t\t\t\t\t\t<p>Criando oportunidades de forma\u00e7\u00e3o em contexto de trabalho, o Sustainable Apprentices pretende ser a correia de transmiss\u00e3o entre o mercado de trabalho e o EFP, atrav\u00e9s de aprendizagens alinhadas com os novos desafios econ\u00f3micos e as atuais exig\u00eancias das empresas por m\u00e9todos de trabalho e compet\u00eancias mais sustent\u00e1veis. Os seus OBJETIVOS concretos s\u00e3o:<\/p>\n\t\t\t\t\t\t\t\t<\/div>\n\t\t\t\t<\/div>\n\t\t\t\t<div class=\"elementor-element elementor-element-665464e elementor-align-start elementor-icon-list--layout-traditional elementor-list-item-link-full_width elementor-widget elementor-widget-icon-list\" data-id=\"665464e\" data-element_type=\"widget\" data-e-type=\"widget\" data-widget_type=\"icon-list.default\">\n\t\t\t\t<div class=\"elementor-widget-container\">\n\t\t\t\t\t\t\t<ul class=\"elementor-icon-list-items\">\n\t\t\t\t\t\t\t<li class=\"elementor-icon-list-item\">\n\t\t\t\t\t\t\t\t\t\t\t<span class=\"elementor-icon-list-icon\">\n\t\t\t\t\t\t\t<i aria-hidden=\"true\" class=\"fas fa-check\"><\/i>\t\t\t\t\t\t<\/span>\n\t\t\t\t\t\t\t\t\t\t<span class=\"elementor-icon-list-text\">Desenvolver um novo Curr\u00edculo para apoiar a implementa\u00e7\u00e3o dos ODS nas PME, atrav\u00e9s de programas de forma\u00e7\u00e3o<\/span>\n\t\t\t\t\t\t\t\t\t<\/li>\n\t\t\t\t\t\t\t\t<li class=\"elementor-icon-list-item\">\n\t\t\t\t\t\t\t\t\t\t\t<span class=\"elementor-icon-list-icon\">\n\t\t\t\t\t\t\t<i aria-hidden=\"true\" class=\"fas fa-check\"><\/i>\t\t\t\t\t\t<\/span>\n\t\t\t\t\t\t\t\t\t\t<span class=\"elementor-icon-list-text\">Dotar a m\u00e3o-de-obra do futuro de compet\u00eancias verdes alinhadas com os ODS, de forma a apoiar a adapta\u00e7\u00e3o das PME aos atuais desafios de sustentabilidade e \u00e0s novas exig\u00eancias econ\u00f3micas<\/span>\n\t\t\t\t\t\t\t\t\t<\/li>\n\t\t\t\t\t\t\t\t<li class=\"elementor-icon-list-item\">\n\t\t\t\t\t\t\t\t\t\t\t<span class=\"elementor-icon-list-icon\">\n\t\t\t\t\t\t\t<i aria-hidden=\"true\" class=\"fas fa-check\"><\/i>\t\t\t\t\t\t<\/span>\n\t\t\t\t\t\t\t\t\t\t<span class=\"elementor-icon-list-text\">Sensibilizar para as oportunidades decorrentes da implementa\u00e7\u00e3o dos ODS nas estrat\u00e9gias empresariais das PME<\/span>\n\t\t\t\t\t\t\t\t\t<\/li>\n\t\t\t\t\t\t\t\t<li class=\"elementor-icon-list-item\">\n\t\t\t\t\t\t\t\t\t\t\t<span class=\"elementor-icon-list-icon\">\n\t\t\t\t\t\t\t<i aria-hidden=\"true\" class=\"fas fa-check\"><\/i>\t\t\t\t\t\t<\/span>\n\t\t\t\t\t\t\t\t\t\t<span class=\"elementor-icon-list-text\">Criar e desenvolver abordagens formativas, atrav\u00e9s da forma\u00e7\u00e3o em contexto de trabalho, baseadas em projetos alinhados com os ODS e adaptadas a diferentes setores laborais<\/span>\n\t\t\t\t\t\t\t\t\t<\/li>\n\t\t\t\t\t\t\t\t<li class=\"elementor-icon-list-item\">\n\t\t\t\t\t\t\t\t\t\t\t<span class=\"elementor-icon-list-icon\">\n\t\t\t\t\t\t\t<i aria-hidden=\"true\" class=\"fas fa-check\"><\/i>\t\t\t\t\t\t<\/span>\n\t\t\t\t\t\t\t\t\t\t<span class=\"elementor-icon-list-text\">Compreender a capacidade que os trabalhadores t\u00eam de promover melhorias sustent\u00e1veis na sociedade, atrav\u00e9s dos seus locais de trabalho<\/span>\n\t\t\t\t\t\t\t\t\t<\/li>\n\t\t\t\t\t\t<\/ul>\n\t\t\t\t\t\t<\/div>\n\t\t\t\t<\/div>\n\t\t\t\t\t<\/div>\n\t\t<\/div>\n\t\t\t\t<div class=\"elementor-column elementor-col-50 elementor-top-column elementor-element elementor-element-5d6fd90\" data-id=\"5d6fd90\" data-element_type=\"column\" data-e-type=\"column\">\n\t\t\t<div class=\"elementor-widget-wrap elementor-element-populated\">\n\t\t\t\t\t\t<div class=\"elementor-element elementor-element-dac51b7 elementor-widget elementor-widget-image\" data-id=\"dac51b7\" data-element_type=\"widget\" data-e-type=\"widget\" data-widget_type=\"image.default\">\n\t\t\t\t<div class=\"elementor-widget-container\">\n\t\t\t\t\t\t\t\t\t\t\t\t\t\t\t<img decoding=\"async\" width=\"744\" height=\"1024\" src=\"https:\/\/sustainableapprentices.eu\/wp-content\/uploads\/2023\/03\/Fotos-1-744x1024.png\" class=\"attachment-large size-large wp-image-392\" alt=\"\" srcset=\"https:\/\/sustainableapprentices.eu\/wp-content\/uploads\/2023\/03\/Fotos-1-744x1024.png 744w, https:\/\/sustainableapprentices.eu\/wp-content\/uploads\/2023\/03\/Fotos-1-218x300.png 218w, https:\/\/sustainableapprentices.eu\/wp-content\/uploads\/2023\/03\/Fotos-1-768x1057.png 768w, https:\/\/sustainableapprentices.eu\/wp-content\/uploads\/2023\/03\/Fotos-1.png 800w\" sizes=\"(max-width: 744px) 100vw, 744px\" \/>\t\t\t\t\t\t\t\t\t\t\t\t\t\t\t<\/div>\n\t\t\t\t<\/div>\n\t\t\t\t\t<\/div>\n\t\t<\/div>\n\t\t\t\t\t<\/div>\n\t\t<\/section>\n\t\t\t\t<section class=\"elementor-section elementor-top-section elementor-element elementor-element-ae962f4 elementor-section-boxed elementor-section-height-default elementor-section-height-default wpr-particle-no wpr-jarallax-no wpr-parallax-no wpr-sticky-section-no wpr-column-slider-no wpr-equal-height-no\" data-id=\"ae962f4\" data-element_type=\"section\" data-e-type=\"section\" data-settings=\"{&quot;background_background&quot;:&quot;classic&quot;}\">\n\t\t\t\t\t\t<div class=\"elementor-container elementor-column-gap-default\">\n\t\t\t\t\t<div class=\"elementor-column elementor-col-50 elementor-top-column elementor-element elementor-element-92b9786\" data-id=\"92b9786\" data-element_type=\"column\" data-e-type=\"column\">\n\t\t\t<div class=\"elementor-widget-wrap elementor-element-populated\">\n\t\t\t\t\t\t<div class=\"elementor-element elementor-element-3b4f860 elementor-widget elementor-widget-heading\" data-id=\"3b4f860\" data-element_type=\"widget\" data-e-type=\"widget\" data-widget_type=\"heading.default\">\n\t\t\t\t<div class=\"elementor-widget-container\">\n\t\t\t\t\t<h2 class=\"elementor-heading-title elementor-size-default\">Resultados<\/h2>\t\t\t\t<\/div>\n\t\t\t\t<\/div>\n\t\t\t\t<div class=\"elementor-element elementor-element-a2c02e1 elementor-widget-divider--view-line elementor-widget elementor-widget-divider\" data-id=\"a2c02e1\" data-element_type=\"widget\" data-e-type=\"widget\" data-widget_type=\"divider.default\">\n\t\t\t\t<div class=\"elementor-widget-container\">\n\t\t\t\t\t\t\t<div class=\"elementor-divider\">\n\t\t\t<span class=\"elementor-divider-separator\">\n\t\t\t\t\t\t<\/span>\n\t\t<\/div>\n\t\t\t\t\t\t<\/div>\n\t\t\t\t<\/div>\n\t\t\t\t<div class=\"elementor-element elementor-element-30b9975 elementor-widget elementor-widget-text-editor\" data-id=\"30b9975\" data-element_type=\"widget\" data-e-type=\"widget\" data-widget_type=\"text-editor.default\">\n\t\t\t\t<div class=\"elementor-widget-container\">\n\t\t\t\t\t\t\t\t\t<p>Para alcan\u00e7ar estes objetivos, o projeto desenvolver\u00e1 um conjunto estruturado de compet\u00eancias baseadas nas normas e m\u00e9todos da UE para apoiar programas de forma\u00e7\u00e3o que implementem os ODS nas PME, uma ferramenta pedag\u00f3gica baseada nas Tecnologias da Informa\u00e7\u00e3o e Comunica\u00e7\u00e3o (TIC) para melhorar a forma\u00e7\u00e3o dos formadores nas empresas sobre esta tem\u00e1tica e que inclui uma base de dados digital, uma quadro te\u00f3rico e pedag\u00f3gico, um curso de forma\u00e7\u00e3o digital e um quadro metodol\u00f3gico que facilite a transferibilidade e replicabilidade dos resultados do projeto a fornecedores de EFP europeus e internacionais e \u00e0s PME.<\/p>\n\t\t\t\t\t\t\t\t<\/div>\n\t\t\t\t<\/div>\n\t\t\t\t\t<\/div>\n\t\t<\/div>\n\t\t\t\t<div class=\"elementor-column elementor-col-50 elementor-top-column elementor-element elementor-element-d4daa88\" data-id=\"d4daa88\" data-element_type=\"column\" data-e-type=\"column\">\n\t\t\t<div class=\"elementor-widget-wrap elementor-element-populated\">\n\t\t\t\t\t\t<div class=\"elementor-element elementor-element-37bf91b elementor-widget elementor-widget-image\" data-id=\"37bf91b\" data-element_type=\"widget\" data-e-type=\"widget\" data-widget_type=\"image.default\">\n\t\t\t\t<div class=\"elementor-widget-container\">\n\t\t\t\t\t\t\t\t\t\t\t\t\t\t\t<img decoding=\"async\" width=\"250\" height=\"163\" src=\"https:\/\/sustainableapprentices.eu\/wp-content\/uploads\/2023\/03\/cuadricula_puntos_verdes.svg\" class=\"attachment-large size-large wp-image-400\" alt=\"\" \/>\t\t\t\t\t\t\t\t\t\t\t\t\t\t\t<\/div>\n\t\t\t\t<\/div>\n\t\t\t\t\t<\/div>\n\t\t<\/div>\n\t\t\t\t\t<\/div>\n\t\t<\/section>\n\t\t\t\t<section class=\"elementor-section elementor-top-section elementor-element elementor-element-cd9c5f7 elementor-section-boxed elementor-section-height-default elementor-section-height-default wpr-particle-no wpr-jarallax-no wpr-parallax-no wpr-sticky-section-no wpr-column-slider-no wpr-equal-height-no\" data-id=\"cd9c5f7\" data-element_type=\"section\" data-e-type=\"section\" data-settings=\"{&quot;background_background&quot;:&quot;classic&quot;}\">\n\t\t\t\t\t\t<div class=\"elementor-container elementor-column-gap-default\">\n\t\t\t\t\t<div class=\"elementor-column elementor-col-50 elementor-top-column elementor-element elementor-element-a1cff2b\" data-id=\"a1cff2b\" data-element_type=\"column\" data-e-type=\"column\">\n\t\t\t<div class=\"elementor-widget-wrap elementor-element-populated\">\n\t\t\t\t\t\t<div class=\"elementor-element elementor-element-4747625 elementor-widget elementor-widget-heading\" data-id=\"4747625\" data-element_type=\"widget\" data-e-type=\"widget\" data-widget_type=\"heading.default\">\n\t\t\t\t<div class=\"elementor-widget-container\">\n\t\t\t\t\t<h2 class=\"elementor-heading-title elementor-size-default\">Benefici\u00e1rios<\/h2>\t\t\t\t<\/div>\n\t\t\t\t<\/div>\n\t\t\t\t<div class=\"elementor-element elementor-element-4ec5e75 elementor-widget-divider--view-line elementor-widget elementor-widget-divider\" data-id=\"4ec5e75\" data-element_type=\"widget\" data-e-type=\"widget\" data-widget_type=\"divider.default\">\n\t\t\t\t<div class=\"elementor-widget-container\">\n\t\t\t\t\t\t\t<div class=\"elementor-divider\">\n\t\t\t<span class=\"elementor-divider-separator\">\n\t\t\t\t\t\t<\/span>\n\t\t<\/div>\n\t\t\t\t\t\t<\/div>\n\t\t\t\t<\/div>\n\t\t\t\t<div class=\"elementor-element elementor-element-a70fb55 elementor-widget elementor-widget-text-editor\" data-id=\"a70fb55\" data-element_type=\"widget\" data-e-type=\"widget\" data-widget_type=\"text-editor.default\">\n\t\t\t\t<div class=\"elementor-widget-container\">\n\t\t\t\t\t\t\t\t\t<p>O Sustainable Apprentices envolver\u00e1 formandos do EFP, atrav\u00e9s da forma\u00e7\u00e3o baseada em projetos, desenvolvendo as suas compet\u00eancias transversais de sustentabilidade e familiarizando-os com os ODS atrav\u00e9s da gamifica\u00e7\u00e3o, j\u00e1 que poder\u00e3o escolher o seu dom\u00ednio sustent\u00e1vel preferido para desenvolver um projeto aplicado \u00e0 sua \u00e1rea de trabalho. Tal produzir\u00e1 resultados de aprendizagem cognitivos, socio-emocionais e comportamentais espec\u00edficos que permitir\u00e3o a esta for\u00e7a de trabalho do futuro lidar com os desafios de cada ODS nos seus ambientes de trabalho e vidas pessoais e, por conseguinte, ajudar a alcan\u00e7ar a sua concretiza\u00e7\u00e3o at\u00e9 2030.<\/p>\n<p>O Sustainable Apprentices destina-se a <strong>formadores do EFP e departamentos de forma\u00e7\u00e3o das empresas<\/strong> como p\u00fablico-alvo e a <strong>formandos do EFP e Pequenas e M\u00e9dias Empresas<\/strong> (PME) como benefici\u00e1rios finais.<\/p>\n\t\t\t\t\t\t\t\t<\/div>\n\t\t\t\t<\/div>\n\t\t\t\t\t<\/div>\n\t\t<\/div>\n\t\t\t\t<div class=\"elementor-column elementor-col-50 elementor-top-column elementor-element elementor-element-c11c905\" data-id=\"c11c905\" data-element_type=\"column\" data-e-type=\"column\">\n\t\t\t<div class=\"elementor-widget-wrap elementor-element-populated\">\n\t\t\t\t\t\t<div class=\"elementor-element elementor-element-da01cb7 elementor-widget elementor-widget-image\" data-id=\"da01cb7\" data-element_type=\"widget\" data-e-type=\"widget\" data-widget_type=\"image.default\">\n\t\t\t\t<div class=\"elementor-widget-container\">\n\t\t\t\t\t\t\t\t\t\t\t\t\t\t\t<img loading=\"lazy\" decoding=\"async\" width=\"744\" height=\"1024\" src=\"https:\/\/sustainableapprentices.eu\/wp-content\/uploads\/2023\/03\/Fotos-2-744x1024.png\" class=\"attachment-large size-large wp-image-404\" alt=\"\" srcset=\"https:\/\/sustainableapprentices.eu\/wp-content\/uploads\/2023\/03\/Fotos-2-744x1024.png 744w, https:\/\/sustainableapprentices.eu\/wp-content\/uploads\/2023\/03\/Fotos-2-218x300.png 218w, https:\/\/sustainableapprentices.eu\/wp-content\/uploads\/2023\/03\/Fotos-2-768x1057.png 768w, https:\/\/sustainableapprentices.eu\/wp-content\/uploads\/2023\/03\/Fotos-2.png 800w\" sizes=\"(max-width: 744px) 100vw, 744px\" \/>\t\t\t\t\t\t\t\t\t\t\t\t\t\t\t<\/div>\n\t\t\t\t<\/div>\n\t\t\t\t\t<\/div>\n\t\t<\/div>\n\t\t\t\t\t<\/div>\n\t\t<\/section>\n\t\t\t\t<\/div>\n\t\t","protected":false},"excerpt":{"rendered":"<p>Sobre O objetivo do projeto Sustainable Apprentices \u00e9 apoiar os formadores do Ensino e Forma\u00e7\u00e3o Profissional (EFP) na conce\u00e7\u00e3o de programas que criem oportunidades de forma\u00e7\u00e3o em contexto de trabalho e promovam a implementa\u00e7\u00e3o dos Objetivos de Desenvolvimento Sustent\u00e1vel (ODS) nas Pequenas e M\u00e9dias Empresas (PME). Atrav\u00e9s de ferramentas digitais e da aprendizagem baseada em projetos, visa fornecer aos formandos do EFP conhecimentos sobre pr\u00e1ticas e compet\u00eancias sustent\u00e1veis, altamente requeridas e necess\u00e1rias nas PME atuais. O setor privado \u00e9 uma componente fundamental do desenvolvimento sustent\u00e1vel, sendo que as PME representam 99,8% das empresas na Europa e empregam 97,7% da for\u00e7a de trabalho. \u00c9, portanto, crucial formar a m\u00e3o-de-obra do futuro nos princ\u00edpios da economia sustent\u00e1vel, prote\u00e7\u00e3o ambiental e inclus\u00e3o, a fim de moldar a cultura laboral e empresarial da pr\u00f3xima gera\u00e7\u00e3o a menos de dez anos para alcan\u00e7ar a meta dos 17 ODS estabelecidos pela Agenda 2030 da ONU. Formar a m\u00e3o de obra do futuro para aplicar os ODS nas PME atrav\u00e9s da aprendizagem em contexto de trabalho nos programas de aprendizagem Objetivos Criando oportunidades de forma\u00e7\u00e3o em contexto de trabalho, o Sustainable Apprentices pretende ser a correia de transmiss\u00e3o entre o mercado de trabalho e o EFP, atrav\u00e9s de aprendizagens alinhadas com os novos desafios econ\u00f3micos e as atuais exig\u00eancias das empresas por m\u00e9todos de trabalho e compet\u00eancias mais sustent\u00e1veis. Os seus OBJETIVOS concretos s\u00e3o: Desenvolver um novo Curr\u00edculo para apoiar a implementa\u00e7\u00e3o dos ODS nas PME, atrav\u00e9s de programas de forma\u00e7\u00e3o Dotar a m\u00e3o-de-obra do futuro de compet\u00eancias verdes alinhadas com os ODS, de forma a apoiar a adapta\u00e7\u00e3o das PME aos atuais desafios de sustentabilidade e \u00e0s novas exig\u00eancias econ\u00f3micas Sensibilizar para as oportunidades decorrentes da implementa\u00e7\u00e3o dos ODS nas estrat\u00e9gias empresariais das PME Criar e desenvolver abordagens formativas, atrav\u00e9s da forma\u00e7\u00e3o em contexto de trabalho, baseadas em projetos alinhados com os ODS e adaptadas a diferentes setores laborais Compreender a capacidade que os trabalhadores t\u00eam de promover melhorias sustent\u00e1veis na sociedade, atrav\u00e9s dos seus locais de trabalho Resultados Para alcan\u00e7ar estes objetivos, o projeto desenvolver\u00e1 um conjunto estruturado de compet\u00eancias baseadas nas normas e m\u00e9todos da UE para apoiar programas de forma\u00e7\u00e3o que implementem os ODS nas PME, uma ferramenta pedag\u00f3gica baseada nas Tecnologias da Informa\u00e7\u00e3o e Comunica\u00e7\u00e3o (TIC) para melhorar a forma\u00e7\u00e3o dos formadores nas empresas sobre esta tem\u00e1tica e que inclui uma base de dados digital, uma quadro te\u00f3rico e pedag\u00f3gico, um curso de forma\u00e7\u00e3o digital e um quadro metodol\u00f3gico que facilite a transferibilidade e replicabilidade dos resultados do projeto a fornecedores de EFP europeus e internacionais e \u00e0s PME. Benefici\u00e1rios O Sustainable Apprentices envolver\u00e1 formandos do EFP, atrav\u00e9s da forma\u00e7\u00e3o baseada em projetos, desenvolvendo as suas compet\u00eancias transversais de sustentabilidade e familiarizando-os com os ODS atrav\u00e9s da gamifica\u00e7\u00e3o, j\u00e1 que poder\u00e3o escolher o seu dom\u00ednio sustent\u00e1vel preferido para desenvolver um projeto aplicado \u00e0 sua \u00e1rea de trabalho. Tal produzir\u00e1 resultados de aprendizagem cognitivos, socio-emocionais e comportamentais espec\u00edficos que permitir\u00e3o a esta for\u00e7a de trabalho do futuro lidar com os desafios de cada ODS nos seus ambientes de trabalho e vidas pessoais e, por conseguinte, ajudar a alcan\u00e7ar a sua concretiza\u00e7\u00e3o at\u00e9 2030. O Sustainable Apprentices destina-se a formadores do EFP e departamentos de forma\u00e7\u00e3o das empresas como p\u00fablico-alvo e a formandos do EFP e Pequenas e M\u00e9dias Empresas (PME) como benefici\u00e1rios finais.<\/p>\n","protected":false},"author":1,"featured_media":0,"parent":0,"menu_order":0,"comment_status":"closed","ping_status":"closed","template":"elementor_header_footer","meta":{"_acf_changed":false,"footnotes":""},"class_list":["post-586","page","type-page","status-publish","hentry"],"acf":[],"_links":{"self":[{"href":"https:\/\/sustainableapprentices.eu\/pt-pt\/wp-json\/wp\/v2\/pages\/586","targetHints":{"allow":["GET"]}}],"collection":[{"href":"https:\/\/sustainableapprentices.eu\/pt-pt\/wp-json\/wp\/v2\/pages"}],"about":[{"href":"https:\/\/sustainableapprentices.eu\/pt-pt\/wp-json\/wp\/v2\/types\/page"}],"author":[{"embeddable":true,"href":"https:\/\/sustainableapprentices.eu\/pt-pt\/wp-json\/wp\/v2\/users\/1"}],"replies":[{"embeddable":true,"href":"https:\/\/sustainableapprentices.eu\/pt-pt\/wp-json\/wp\/v2\/comments?post=586"}],"version-history":[{"count":1,"href":"https:\/\/sustainableapprentices.eu\/pt-pt\/wp-json\/wp\/v2\/pages\/586\/revisions"}],"predecessor-version":[{"id":587,"href":"https:\/\/sustainableapprentices.eu\/pt-pt\/wp-json\/wp\/v2\/pages\/586\/revisions\/587"}],"wp:attachment":[{"href":"https:\/\/sustainableapprentices.eu\/pt-pt\/wp-json\/wp\/v2\/media?parent=586"}],"curies":[{"name":"wp","href":"https:\/\/api.w.org\/{rel}","templated":true}]}}