{"id":565,"date":"2023-03-10T17:50:35","date_gmt":"2023-03-10T17:50:35","guid":{"rendered":"https:\/\/sustainableapprentices.eu\/progetto\/"},"modified":"2023-09-11T16:32:37","modified_gmt":"2023-09-11T16:32:37","slug":"progetto","status":"publish","type":"page","link":"https:\/\/sustainableapprentices.eu\/it\/","title":{"rendered":"Progetto"},"content":{"rendered":"\t\t<div data-elementor-type=\"wp-page\" data-elementor-id=\"565\" class=\"elementor elementor-565 elementor-7\">\n\t\t\t\t\t\t<section class=\"elementor-section elementor-top-section elementor-element elementor-element-785eff2 elementor-section-boxed elementor-section-height-default elementor-section-height-default wpr-particle-no wpr-jarallax-no wpr-parallax-no wpr-sticky-section-no wpr-column-slider-no wpr-equal-height-no\" data-id=\"785eff2\" data-element_type=\"section\" data-e-type=\"section\" data-settings=\"{&quot;background_background&quot;:&quot;classic&quot;}\">\n\t\t\t\t\t\t<div class=\"elementor-container elementor-column-gap-default\">\n\t\t\t\t\t<div class=\"elementor-column elementor-col-50 elementor-top-column elementor-element elementor-element-5ca521a\" data-id=\"5ca521a\" data-element_type=\"column\" data-e-type=\"column\">\n\t\t\t<div class=\"elementor-widget-wrap elementor-element-populated\">\n\t\t\t\t\t\t<div class=\"elementor-element elementor-element-0aacbcd elementor-widget elementor-widget-heading\" data-id=\"0aacbcd\" data-element_type=\"widget\" data-e-type=\"widget\" data-widget_type=\"heading.default\">\n\t\t\t\t<div class=\"elementor-widget-container\">\n\t\t\t\t\t<h2 class=\"elementor-heading-title elementor-size-default\">About<\/h2>\t\t\t\t<\/div>\n\t\t\t\t<\/div>\n\t\t\t\t<div class=\"elementor-element elementor-element-038d21d elementor-widget-divider--view-line elementor-widget elementor-widget-divider\" data-id=\"038d21d\" data-element_type=\"widget\" data-e-type=\"widget\" data-widget_type=\"divider.default\">\n\t\t\t\t<div class=\"elementor-widget-container\">\n\t\t\t\t\t\t\t<div class=\"elementor-divider\">\n\t\t\t<span class=\"elementor-divider-separator\">\n\t\t\t\t\t\t<\/span>\n\t\t<\/div>\n\t\t\t\t\t\t<\/div>\n\t\t\t\t<\/div>\n\t\t\t\t<div class=\"elementor-element elementor-element-7bff421 elementor-widget elementor-widget-text-editor\" data-id=\"7bff421\" data-element_type=\"widget\" data-e-type=\"widget\" data-widget_type=\"text-editor.default\">\n\t\t\t\t<div class=\"elementor-widget-container\">\n\t\t\t\t\t\t\t\t\t<p>Sustainable Apprentices mira a sostenere gli insegnanti IFP e i formatori aziendali nella creazione di programmi di apprendistato creando nuove opportunit\u00e0 di apprendimento basato sul lavoro per favorire l&#8217;attuazione degli Obiettivi di sviluppo sostenibile (SDG) nelle piccole e medie imprese (PMI) attraverso strumenti digitali e project-based learning, per fornire agli studenti dell&#8217;IFP conoscenze e competenze &#8211; oggi molto richieste e necessarie dalle PMI &#8211; sulle le pratiche sostenibili.<\/p>\n<p>Il settore privato \u00e8 una componente cruciale dello sviluppo sostenibile e le piccole e medie imprese, che rappresentano il 99,8% delle imprese in Europa e impiegano il 97,74% della forza lavoro, sono attori chiavo della transizione sostenibile. Pertanto, \u00e8 fondamentale educare la forza lavoro del futuro ai principi dell&#8217;economia sostenibile, della protezione ambientale e dell&#8217;inclusione al fine di plasmare la cultura lavorativa e imprenditoriale della prossima generazione, avendo a disposizione meno di dieci anni per raggiungere i 17 obiettivi di sviluppo sostenibile (SDG) stabiliti dall&#8217;Agenda 2030 delle Nazioni Unite.<\/p>\n\t\t\t\t\t\t\t\t<\/div>\n\t\t\t\t<\/div>\n\t\t\t\t\t<\/div>\n\t\t<\/div>\n\t\t\t\t<div class=\"elementor-column elementor-col-50 elementor-top-column elementor-element elementor-element-2eb557f\" data-id=\"2eb557f\" data-element_type=\"column\" data-e-type=\"column\">\n\t\t\t<div class=\"elementor-widget-wrap elementor-element-populated\">\n\t\t\t\t\t\t<div class=\"elementor-element elementor-element-e72155c elementor-widget elementor-widget-image\" data-id=\"e72155c\" data-element_type=\"widget\" data-e-type=\"widget\" data-widget_type=\"image.default\">\n\t\t\t\t<div class=\"elementor-widget-container\">\n\t\t\t\t\t\t\t\t\t\t\t\t\t\t\t<img fetchpriority=\"high\" decoding=\"async\" width=\"453\" height=\"237\" src=\"https:\/\/sustainableapprentices.eu\/wp-content\/uploads\/2023\/03\/logo_y_ods.svg\" class=\"attachment-large size-large wp-image-375\" alt=\"\" \/>\t\t\t\t\t\t\t\t\t\t\t\t\t\t\t<\/div>\n\t\t\t\t<\/div>\n\t\t\t\t<div class=\"elementor-element elementor-element-6ae43e8 elementor-widget elementor-widget-text-editor\" data-id=\"6ae43e8\" data-element_type=\"widget\" data-e-type=\"widget\" data-widget_type=\"text-editor.default\">\n\t\t\t\t<div class=\"elementor-widget-container\">\n\t\t\t\t\t\t\t\t\t<p>Formare la forza lavoro del futuro ad applicare gli SDG nelle PMI attraverso l&#8217;apprendimento basato sul lavoro nei programmi di apprendistato.<\/p>\n\t\t\t\t\t\t\t\t<\/div>\n\t\t\t\t<\/div>\n\t\t\t\t\t<\/div>\n\t\t<\/div>\n\t\t\t\t\t<\/div>\n\t\t<\/section>\n\t\t\t\t<section class=\"elementor-section elementor-top-section elementor-element elementor-element-4cfa759 elementor-section-boxed elementor-section-height-default elementor-section-height-default wpr-particle-no wpr-jarallax-no wpr-parallax-no wpr-sticky-section-no wpr-column-slider-no wpr-equal-height-no\" data-id=\"4cfa759\" data-element_type=\"section\" data-e-type=\"section\" data-settings=\"{&quot;background_background&quot;:&quot;classic&quot;}\">\n\t\t\t\t\t\t<div class=\"elementor-container elementor-column-gap-default\">\n\t\t\t\t\t<div class=\"elementor-column elementor-col-50 elementor-top-column elementor-element elementor-element-714dfa6\" data-id=\"714dfa6\" data-element_type=\"column\" data-e-type=\"column\">\n\t\t\t<div class=\"elementor-widget-wrap elementor-element-populated\">\n\t\t\t\t\t\t<div class=\"elementor-element elementor-element-27fc394 elementor-widget elementor-widget-heading\" data-id=\"27fc394\" data-element_type=\"widget\" data-e-type=\"widget\" data-widget_type=\"heading.default\">\n\t\t\t\t<div class=\"elementor-widget-container\">\n\t\t\t\t\t<h2 class=\"elementor-heading-title elementor-size-default\">Obiettivi<\/h2>\t\t\t\t<\/div>\n\t\t\t\t<\/div>\n\t\t\t\t<div class=\"elementor-element elementor-element-ba52b42 elementor-widget-divider--view-line elementor-widget elementor-widget-divider\" data-id=\"ba52b42\" data-element_type=\"widget\" data-e-type=\"widget\" data-widget_type=\"divider.default\">\n\t\t\t\t<div class=\"elementor-widget-container\">\n\t\t\t\t\t\t\t<div class=\"elementor-divider\">\n\t\t\t<span class=\"elementor-divider-separator\">\n\t\t\t\t\t\t<\/span>\n\t\t<\/div>\n\t\t\t\t\t\t<\/div>\n\t\t\t\t<\/div>\n\t\t\t\t<div class=\"elementor-element elementor-element-b9b0c3a elementor-widget elementor-widget-text-editor\" data-id=\"b9b0c3a\" data-element_type=\"widget\" data-e-type=\"widget\" data-widget_type=\"text-editor.default\">\n\t\t\t\t<div class=\"elementor-widget-container\">\n\t\t\t\t\t\t\t\t\t<p>Sustainable Apprentices mira a essere la cinghia di trasmissione tra il mercato del lavoro e l&#8217;IFP, creando opportunit\u00e0 di apprendimento basato sul lavoro attraverso apprendistati allineati alle nuove sfide economiche e alle nuove esigenze delle imprese per promuovere competenze e metodi di lavoro pi\u00f9 sostenibili. Gli OBIETTIVI concreti sono:<\/p>\n\t\t\t\t\t\t\t\t<\/div>\n\t\t\t\t<\/div>\n\t\t\t\t<div class=\"elementor-element elementor-element-665464e elementor-align-start elementor-icon-list--layout-traditional elementor-list-item-link-full_width elementor-widget elementor-widget-icon-list\" data-id=\"665464e\" data-element_type=\"widget\" data-e-type=\"widget\" data-widget_type=\"icon-list.default\">\n\t\t\t\t<div class=\"elementor-widget-container\">\n\t\t\t\t\t\t\t<ul class=\"elementor-icon-list-items\">\n\t\t\t\t\t\t\t<li class=\"elementor-icon-list-item\">\n\t\t\t\t\t\t\t\t\t\t\t<span class=\"elementor-icon-list-icon\">\n\t\t\t\t\t\t\t<i aria-hidden=\"true\" class=\"fas fa-check\"><\/i>\t\t\t\t\t\t<\/span>\n\t\t\t\t\t\t\t\t\t\t<span class=\"elementor-icon-list-text\">Sviluppare un nuovo curriculum europeo ECVET per supportare l'implementazione degli SDGs nelle PMI attraverso programmi di apprendistato.<\/span>\n\t\t\t\t\t\t\t\t\t<\/li>\n\t\t\t\t\t\t\t\t<li class=\"elementor-icon-list-item\">\n\t\t\t\t\t\t\t\t\t\t\t<span class=\"elementor-icon-list-icon\">\n\t\t\t\t\t\t\t<i aria-hidden=\"true\" class=\"fas fa-check\"><\/i>\t\t\t\t\t\t<\/span>\n\t\t\t\t\t\t\t\t\t\t<span class=\"elementor-icon-list-text\">Formare la forza lavoro del futuro sulle Green Skills e gli SDGs per sostenere l'adattamento delle PMI alle attuali sfide della sostenibilit\u00e0 e alle nuove esigenze economiche<\/span>\n\t\t\t\t\t\t\t\t\t<\/li>\n\t\t\t\t\t\t\t\t<li class=\"elementor-icon-list-item\">\n\t\t\t\t\t\t\t\t\t\t\t<span class=\"elementor-icon-list-icon\">\n\t\t\t\t\t\t\t<i aria-hidden=\"true\" class=\"fas fa-check\"><\/i>\t\t\t\t\t\t<\/span>\n\t\t\t\t\t\t\t\t\t\t<span class=\"elementor-icon-list-text\">Sensibilizzare sulle opportunit\u00e0 derivanti dall'implementazione degli SDGs nelle strategie di business delle PMI<\/span>\n\t\t\t\t\t\t\t\t\t<\/li>\n\t\t\t\t\t\t\t\t<li class=\"elementor-icon-list-item\">\n\t\t\t\t\t\t\t\t\t\t\t<span class=\"elementor-icon-list-icon\">\n\t\t\t\t\t\t\t<i aria-hidden=\"true\" class=\"fas fa-check\"><\/i>\t\t\t\t\t\t<\/span>\n\t\t\t\t\t\t\t\t\t\t<span class=\"elementor-icon-list-text\">Generare e sviluppare approcci di apprendimento project-based incentrati sui SDGs e adattati ai diversi settori lavorativi, attraverso l'apprendimento basato sul lavoro<\/span>\n\t\t\t\t\t\t\t\t\t<\/li>\n\t\t\t\t\t\t\t\t<li class=\"elementor-icon-list-item\">\n\t\t\t\t\t\t\t\t\t\t\t<span class=\"elementor-icon-list-icon\">\n\t\t\t\t\t\t\t<i aria-hidden=\"true\" class=\"fas fa-check\"><\/i>\t\t\t\t\t\t<\/span>\n\t\t\t\t\t\t\t\t\t\t<span class=\"elementor-icon-list-text\">Comprendere in pratica la capacit\u00e0 individuale dei lavoratori di promuovere miglioramenti sostenibili nella societ\u00e0 attraverso i loro ambienti di lavoro.<\/span>\n\t\t\t\t\t\t\t\t\t<\/li>\n\t\t\t\t\t\t<\/ul>\n\t\t\t\t\t\t<\/div>\n\t\t\t\t<\/div>\n\t\t\t\t\t<\/div>\n\t\t<\/div>\n\t\t\t\t<div class=\"elementor-column elementor-col-50 elementor-top-column elementor-element elementor-element-5d6fd90\" data-id=\"5d6fd90\" data-element_type=\"column\" data-e-type=\"column\">\n\t\t\t<div class=\"elementor-widget-wrap elementor-element-populated\">\n\t\t\t\t\t\t<div class=\"elementor-element elementor-element-dac51b7 elementor-widget elementor-widget-image\" data-id=\"dac51b7\" data-element_type=\"widget\" data-e-type=\"widget\" data-widget_type=\"image.default\">\n\t\t\t\t<div class=\"elementor-widget-container\">\n\t\t\t\t\t\t\t\t\t\t\t\t\t\t\t<img decoding=\"async\" width=\"744\" height=\"1024\" src=\"https:\/\/sustainableapprentices.eu\/wp-content\/uploads\/2023\/03\/Fotos-1-744x1024.png\" class=\"attachment-large size-large wp-image-391\" alt=\"\" srcset=\"https:\/\/sustainableapprentices.eu\/wp-content\/uploads\/2023\/03\/Fotos-1-744x1024.png 744w, https:\/\/sustainableapprentices.eu\/wp-content\/uploads\/2023\/03\/Fotos-1-218x300.png 218w, https:\/\/sustainableapprentices.eu\/wp-content\/uploads\/2023\/03\/Fotos-1-768x1057.png 768w, https:\/\/sustainableapprentices.eu\/wp-content\/uploads\/2023\/03\/Fotos-1.png 800w\" sizes=\"(max-width: 744px) 100vw, 744px\" \/>\t\t\t\t\t\t\t\t\t\t\t\t\t\t\t<\/div>\n\t\t\t\t<\/div>\n\t\t\t\t\t<\/div>\n\t\t<\/div>\n\t\t\t\t\t<\/div>\n\t\t<\/section>\n\t\t\t\t<section class=\"elementor-section elementor-top-section elementor-element elementor-element-ae962f4 elementor-section-boxed elementor-section-height-default elementor-section-height-default wpr-particle-no wpr-jarallax-no wpr-parallax-no wpr-sticky-section-no wpr-column-slider-no wpr-equal-height-no\" data-id=\"ae962f4\" data-element_type=\"section\" data-e-type=\"section\" data-settings=\"{&quot;background_background&quot;:&quot;classic&quot;}\">\n\t\t\t\t\t\t<div class=\"elementor-container elementor-column-gap-default\">\n\t\t\t\t\t<div class=\"elementor-column elementor-col-50 elementor-top-column elementor-element elementor-element-92b9786\" data-id=\"92b9786\" data-element_type=\"column\" data-e-type=\"column\">\n\t\t\t<div class=\"elementor-widget-wrap elementor-element-populated\">\n\t\t\t\t\t\t<div class=\"elementor-element elementor-element-3b4f860 elementor-widget elementor-widget-heading\" data-id=\"3b4f860\" data-element_type=\"widget\" data-e-type=\"widget\" data-widget_type=\"heading.default\">\n\t\t\t\t<div class=\"elementor-widget-container\">\n\t\t\t\t\t<h2 class=\"elementor-heading-title elementor-size-default\">Risultati<\/h2>\t\t\t\t<\/div>\n\t\t\t\t<\/div>\n\t\t\t\t<div class=\"elementor-element elementor-element-a2c02e1 elementor-widget-divider--view-line elementor-widget elementor-widget-divider\" data-id=\"a2c02e1\" data-element_type=\"widget\" data-e-type=\"widget\" data-widget_type=\"divider.default\">\n\t\t\t\t<div class=\"elementor-widget-container\">\n\t\t\t\t\t\t\t<div class=\"elementor-divider\">\n\t\t\t<span class=\"elementor-divider-separator\">\n\t\t\t\t\t\t<\/span>\n\t\t<\/div>\n\t\t\t\t\t\t<\/div>\n\t\t\t\t<\/div>\n\t\t\t\t<div class=\"elementor-element elementor-element-30b9975 elementor-widget elementor-widget-text-editor\" data-id=\"30b9975\" data-element_type=\"widget\" data-e-type=\"widget\" data-widget_type=\"text-editor.default\">\n\t\t\t\t<div class=\"elementor-widget-container\">\n\t\t\t\t\t\t\t\t\t<p>Al fine di raggiungere questi obiettivi, il progetto svilupper\u00e0 una serie strutturata di competenze basate su standard e metodi dell&#8217;UE a sostegno dei programmi di apprendistato per implementare gli SDG nelle PMI; uno strumento di apprendimento basato sulle ICT per migliorare le competenze degli educatori VET e dei formatori aziendali nell&#8217;attuazione del SDG nelle PMI attraverso programmi di apprendistato. Tale strumento inclder\u00e0 un database digitale, basi teoriche e pedagogiche, un percorso corso di apprendimento &#8220;belnded&#8221; e un quadro metodologico per facilitare la trasferibilit\u00e0 e la replicabilit\u00e0 dei risultati del progetto presso operatori IFP e PMI europei e internazionali.<\/p>\n\t\t\t\t\t\t\t\t<\/div>\n\t\t\t\t<\/div>\n\t\t\t\t\t<\/div>\n\t\t<\/div>\n\t\t\t\t<div class=\"elementor-column elementor-col-50 elementor-top-column elementor-element elementor-element-d4daa88\" data-id=\"d4daa88\" data-element_type=\"column\" data-e-type=\"column\">\n\t\t\t<div class=\"elementor-widget-wrap elementor-element-populated\">\n\t\t\t\t\t\t<div class=\"elementor-element elementor-element-37bf91b elementor-widget elementor-widget-image\" data-id=\"37bf91b\" data-element_type=\"widget\" data-e-type=\"widget\" data-widget_type=\"image.default\">\n\t\t\t\t<div class=\"elementor-widget-container\">\n\t\t\t\t\t\t\t\t\t\t\t\t\t\t\t<img decoding=\"async\" width=\"250\" height=\"163\" src=\"https:\/\/sustainableapprentices.eu\/wp-content\/uploads\/2023\/03\/cuadricula_puntos_verdes.svg\" class=\"attachment-large size-large wp-image-399\" alt=\"\" \/>\t\t\t\t\t\t\t\t\t\t\t\t\t\t\t<\/div>\n\t\t\t\t<\/div>\n\t\t\t\t\t<\/div>\n\t\t<\/div>\n\t\t\t\t\t<\/div>\n\t\t<\/section>\n\t\t\t\t<section class=\"elementor-section elementor-top-section elementor-element elementor-element-cd9c5f7 elementor-section-boxed elementor-section-height-default elementor-section-height-default wpr-particle-no wpr-jarallax-no wpr-parallax-no wpr-sticky-section-no wpr-column-slider-no wpr-equal-height-no\" data-id=\"cd9c5f7\" data-element_type=\"section\" data-e-type=\"section\" data-settings=\"{&quot;background_background&quot;:&quot;classic&quot;}\">\n\t\t\t\t\t\t<div class=\"elementor-container elementor-column-gap-default\">\n\t\t\t\t\t<div class=\"elementor-column elementor-col-50 elementor-top-column elementor-element elementor-element-a1cff2b\" data-id=\"a1cff2b\" data-element_type=\"column\" data-e-type=\"column\">\n\t\t\t<div class=\"elementor-widget-wrap elementor-element-populated\">\n\t\t\t\t\t\t<div class=\"elementor-element elementor-element-4747625 elementor-widget elementor-widget-heading\" data-id=\"4747625\" data-element_type=\"widget\" data-e-type=\"widget\" data-widget_type=\"heading.default\">\n\t\t\t\t<div class=\"elementor-widget-container\">\n\t\t\t\t\t<h2 class=\"elementor-heading-title elementor-size-default\">Beneficiari<\/h2>\t\t\t\t<\/div>\n\t\t\t\t<\/div>\n\t\t\t\t<div class=\"elementor-element elementor-element-4ec5e75 elementor-widget-divider--view-line elementor-widget elementor-widget-divider\" data-id=\"4ec5e75\" data-element_type=\"widget\" data-e-type=\"widget\" data-widget_type=\"divider.default\">\n\t\t\t\t<div class=\"elementor-widget-container\">\n\t\t\t\t\t\t\t<div class=\"elementor-divider\">\n\t\t\t<span class=\"elementor-divider-separator\">\n\t\t\t\t\t\t<\/span>\n\t\t<\/div>\n\t\t\t\t\t\t<\/div>\n\t\t\t\t<\/div>\n\t\t\t\t<div class=\"elementor-element elementor-element-a70fb55 elementor-widget elementor-widget-text-editor\" data-id=\"a70fb55\" data-element_type=\"widget\" data-e-type=\"widget\" data-widget_type=\"text-editor.default\">\n\t\t\t\t<div class=\"elementor-widget-container\">\n\t\t\t\t\t\t\t\t\t<p>Il progetto permetter\u00e0 agli studenti dell&#8217;IFP di sviluppare, attraverso il project-based learning, competenze trasversali inerenti i temi della sostenibilit\u00e0, promuovendo gli SDG attraverso la gamification e mettendoli in grado di scegliere in che modo sviluppare al meglio un progetto di sostenibilit\u00e0 applicato al loro campo di lavoro. Ci\u00f2 produrr\u00e0 specifici risultati di apprendimento cognitivo, socio-emotivo e comportamentale che consentiranno a questa forza lavoro del futuro di affrontare le sfide degli SDG nei loro ambienti di lavoro e nella vita personale e, quindi, supportarne il raggiungimento entro il 2030.<\/p>\n<p>Sustainable Apprentices si rivolge agli <strong>educatori dell&#8217;IFP e ai formatori aziendali<\/strong>, come utenti target, e agli <strong>studenti dell&#8217;IFP e alle PMI<\/strong>, come beneficiari target.<\/p>\n\t\t\t\t\t\t\t\t<\/div>\n\t\t\t\t<\/div>\n\t\t\t\t\t<\/div>\n\t\t<\/div>\n\t\t\t\t<div class=\"elementor-column elementor-col-50 elementor-top-column elementor-element elementor-element-c11c905\" data-id=\"c11c905\" data-element_type=\"column\" data-e-type=\"column\">\n\t\t\t<div class=\"elementor-widget-wrap elementor-element-populated\">\n\t\t\t\t\t\t<div class=\"elementor-element elementor-element-da01cb7 elementor-widget elementor-widget-image\" data-id=\"da01cb7\" data-element_type=\"widget\" data-e-type=\"widget\" data-widget_type=\"image.default\">\n\t\t\t\t<div class=\"elementor-widget-container\">\n\t\t\t\t\t\t\t\t\t\t\t\t\t\t\t<img loading=\"lazy\" decoding=\"async\" width=\"744\" height=\"1024\" src=\"https:\/\/sustainableapprentices.eu\/wp-content\/uploads\/2023\/03\/Fotos-2-744x1024.png\" class=\"attachment-large size-large wp-image-403\" alt=\"\" srcset=\"https:\/\/sustainableapprentices.eu\/wp-content\/uploads\/2023\/03\/Fotos-2-744x1024.png 744w, https:\/\/sustainableapprentices.eu\/wp-content\/uploads\/2023\/03\/Fotos-2-218x300.png 218w, https:\/\/sustainableapprentices.eu\/wp-content\/uploads\/2023\/03\/Fotos-2-768x1057.png 768w, https:\/\/sustainableapprentices.eu\/wp-content\/uploads\/2023\/03\/Fotos-2.png 800w\" sizes=\"(max-width: 744px) 100vw, 744px\" \/>\t\t\t\t\t\t\t\t\t\t\t\t\t\t\t<\/div>\n\t\t\t\t<\/div>\n\t\t\t\t\t<\/div>\n\t\t<\/div>\n\t\t\t\t\t<\/div>\n\t\t<\/section>\n\t\t\t\t<\/div>\n\t\t","protected":false},"excerpt":{"rendered":"<p>About Sustainable Apprentices mira a sostenere gli insegnanti IFP e i formatori aziendali nella creazione di programmi di apprendistato creando nuove opportunit\u00e0 di apprendimento basato sul lavoro per favorire l&#8217;attuazione degli Obiettivi di sviluppo sostenibile (SDG) nelle piccole e medie imprese (PMI) attraverso strumenti digitali e project-based learning, per fornire agli studenti dell&#8217;IFP conoscenze e competenze &#8211; oggi molto richieste e necessarie dalle PMI &#8211; sulle le pratiche sostenibili. Il settore privato \u00e8 una componente cruciale dello sviluppo sostenibile e le piccole e medie imprese, che rappresentano il 99,8% delle imprese in Europa e impiegano il 97,74% della forza lavoro, sono attori chiavo della transizione sostenibile. Pertanto, \u00e8 fondamentale educare la forza lavoro del futuro ai principi dell&#8217;economia sostenibile, della protezione ambientale e dell&#8217;inclusione al fine di plasmare la cultura lavorativa e imprenditoriale della prossima generazione, avendo a disposizione meno di dieci anni per raggiungere i 17 obiettivi di sviluppo sostenibile (SDG) stabiliti dall&#8217;Agenda 2030 delle Nazioni Unite. Formare la forza lavoro del futuro ad applicare gli SDG nelle PMI attraverso l&#8217;apprendimento basato sul lavoro nei programmi di apprendistato. Obiettivi Sustainable Apprentices mira a essere la cinghia di trasmissione tra il mercato del lavoro e l&#8217;IFP, creando opportunit\u00e0 di apprendimento basato sul lavoro attraverso apprendistati allineati alle nuove sfide economiche e alle nuove esigenze delle imprese per promuovere competenze e metodi di lavoro pi\u00f9 sostenibili. Gli OBIETTIVI concreti sono: Sviluppare un nuovo curriculum europeo ECVET per supportare l&#8217;implementazione degli SDGs nelle PMI attraverso programmi di apprendistato. Formare la forza lavoro del futuro sulle Green Skills e gli SDGs per sostenere l&#8217;adattamento delle PMI alle attuali sfide della sostenibilit\u00e0 e alle nuove esigenze economiche Sensibilizzare sulle opportunit\u00e0 derivanti dall&#8217;implementazione degli SDGs nelle strategie di business delle PMI Generare e sviluppare approcci di apprendimento project-based incentrati sui SDGs e adattati ai diversi settori lavorativi, attraverso l&#8217;apprendimento basato sul lavoro Comprendere in pratica la capacit\u00e0 individuale dei lavoratori di promuovere miglioramenti sostenibili nella societ\u00e0 attraverso i loro ambienti di lavoro. Risultati Al fine di raggiungere questi obiettivi, il progetto svilupper\u00e0 una serie strutturata di competenze basate su standard e metodi dell&#8217;UE a sostegno dei programmi di apprendistato per implementare gli SDG nelle PMI; uno strumento di apprendimento basato sulle ICT per migliorare le competenze degli educatori VET e dei formatori aziendali nell&#8217;attuazione del SDG nelle PMI attraverso programmi di apprendistato. Tale strumento inclder\u00e0 un database digitale, basi teoriche e pedagogiche, un percorso corso di apprendimento &#8220;belnded&#8221; e un quadro metodologico per facilitare la trasferibilit\u00e0 e la replicabilit\u00e0 dei risultati del progetto presso operatori IFP e PMI europei e internazionali. Beneficiari Il progetto permetter\u00e0 agli studenti dell&#8217;IFP di sviluppare, attraverso il project-based learning, competenze trasversali inerenti i temi della sostenibilit\u00e0, promuovendo gli SDG attraverso la gamification e mettendoli in grado di scegliere in che modo sviluppare al meglio un progetto di sostenibilit\u00e0 applicato al loro campo di lavoro. Ci\u00f2 produrr\u00e0 specifici risultati di apprendimento cognitivo, socio-emotivo e comportamentale che consentiranno a questa forza lavoro del futuro di affrontare le sfide degli SDG nei loro ambienti di lavoro e nella vita personale e, quindi, supportarne il raggiungimento entro il 2030. Sustainable Apprentices si rivolge agli educatori dell&#8217;IFP e ai formatori aziendali, come utenti target, e agli studenti dell&#8217;IFP e alle PMI, come beneficiari target.<\/p>\n","protected":false},"author":1,"featured_media":0,"parent":0,"menu_order":0,"comment_status":"closed","ping_status":"closed","template":"elementor_header_footer","meta":{"_acf_changed":false,"footnotes":""},"class_list":["post-565","page","type-page","status-publish","hentry"],"acf":[],"_links":{"self":[{"href":"https:\/\/sustainableapprentices.eu\/it\/wp-json\/wp\/v2\/pages\/565","targetHints":{"allow":["GET"]}}],"collection":[{"href":"https:\/\/sustainableapprentices.eu\/it\/wp-json\/wp\/v2\/pages"}],"about":[{"href":"https:\/\/sustainableapprentices.eu\/it\/wp-json\/wp\/v2\/types\/page"}],"author":[{"embeddable":true,"href":"https:\/\/sustainableapprentices.eu\/it\/wp-json\/wp\/v2\/users\/1"}],"replies":[{"embeddable":true,"href":"https:\/\/sustainableapprentices.eu\/it\/wp-json\/wp\/v2\/comments?post=565"}],"version-history":[{"count":1,"href":"https:\/\/sustainableapprentices.eu\/it\/wp-json\/wp\/v2\/pages\/565\/revisions"}],"predecessor-version":[{"id":566,"href":"https:\/\/sustainableapprentices.eu\/it\/wp-json\/wp\/v2\/pages\/565\/revisions\/566"}],"wp:attachment":[{"href":"https:\/\/sustainableapprentices.eu\/it\/wp-json\/wp\/v2\/media?parent=565"}],"curies":[{"name":"wp","href":"https:\/\/api.w.org\/{rel}","templated":true}]}}