{"id":503,"date":"2023-03-10T17:50:35","date_gmt":"2023-03-10T17:50:35","guid":{"rendered":"https:\/\/sustainableapprentices.eu\/proyecto\/"},"modified":"2024-01-29T14:37:23","modified_gmt":"2024-01-29T14:37:23","slug":"proyecto","status":"publish","type":"page","link":"https:\/\/sustainableapprentices.eu\/es\/","title":{"rendered":"Proyecto"},"content":{"rendered":"\t\t<div data-elementor-type=\"wp-page\" data-elementor-id=\"503\" class=\"elementor elementor-503 elementor-7\">\n\t\t\t\t\t\t<section class=\"elementor-section elementor-top-section elementor-element elementor-element-785eff2 elementor-section-boxed elementor-section-height-default elementor-section-height-default wpr-particle-no wpr-jarallax-no wpr-parallax-no wpr-sticky-section-no wpr-column-slider-no wpr-equal-height-no\" data-id=\"785eff2\" data-element_type=\"section\" data-e-type=\"section\" data-settings=\"{&quot;background_background&quot;:&quot;classic&quot;}\">\n\t\t\t\t\t\t<div class=\"elementor-container elementor-column-gap-default\">\n\t\t\t\t\t<div class=\"elementor-column elementor-col-50 elementor-top-column elementor-element elementor-element-5ca521a\" data-id=\"5ca521a\" data-element_type=\"column\" data-e-type=\"column\">\n\t\t\t<div class=\"elementor-widget-wrap elementor-element-populated\">\n\t\t\t\t\t\t<div class=\"elementor-element elementor-element-0aacbcd elementor-widget elementor-widget-heading\" data-id=\"0aacbcd\" data-element_type=\"widget\" data-e-type=\"widget\" data-widget_type=\"heading.default\">\n\t\t\t\t<div class=\"elementor-widget-container\">\n\t\t\t\t\t<h2 class=\"elementor-heading-title elementor-size-default\">El proyecto<\/h2>\t\t\t\t<\/div>\n\t\t\t\t<\/div>\n\t\t\t\t<div class=\"elementor-element elementor-element-038d21d elementor-widget-divider--view-line elementor-widget elementor-widget-divider\" data-id=\"038d21d\" data-element_type=\"widget\" data-e-type=\"widget\" data-widget_type=\"divider.default\">\n\t\t\t\t<div class=\"elementor-widget-container\">\n\t\t\t\t\t\t\t<div class=\"elementor-divider\">\n\t\t\t<span class=\"elementor-divider-separator\">\n\t\t\t\t\t\t<\/span>\n\t\t<\/div>\n\t\t\t\t\t\t<\/div>\n\t\t\t\t<\/div>\n\t\t\t\t<div class=\"elementor-element elementor-element-7bff421 elementor-widget elementor-widget-text-editor\" data-id=\"7bff421\" data-element_type=\"widget\" data-e-type=\"widget\" data-widget_type=\"text-editor.default\">\n\t\t\t\t<div class=\"elementor-widget-container\">\n\t\t\t\t\t\t\t\t\t<p>Sustainable Apprentices tiene como objetivo apoyar a los profesores de FP y a los formadores en la empresa para establecer programas de aprendizaje que creen nuevas oportunidades de aprendizaje basado en el trabajo para fomentar la implementaci\u00f3n de los Objetivos de Desarrollo Sostenible (ODS) en las peque\u00f1as y medianas empresas (pymes) a trav\u00e9s de herramientas digitales y aprendizaje basado en proyectos para proporcionar a los estudiantes de FP conocimientos sobre pr\u00e1cticas y habilidades sostenibles, altamente demandadas y necesarias por las pymes de hoy en d\u00eda.<\/p><p>El sector privado es un componente crucial del desarrollo sostenible, y las peque\u00f1as y medianas empresas, que representan el 99,8% de las empresas en Europa y emplean al 97,74% de la mano de obra, son un aspecto significativo de la transici\u00f3n sostenible. Por lo tanto, es crucial educar a la mano de obra del futuro en los principios de la econom\u00eda sostenible, la protecci\u00f3n del medio ambiente y la inclusi\u00f3n con el fin de dar forma a la cultura laboral y empresarial de la pr\u00f3xima generaci\u00f3n a la que le quedan menos de diez a\u00f1os para alcanzar los 17 (ODS) establecidos por la Agenda 2030 de la ONU.<\/p>\t\t\t\t\t\t\t\t<\/div>\n\t\t\t\t<\/div>\n\t\t\t\t\t<\/div>\n\t\t<\/div>\n\t\t\t\t<div class=\"elementor-column elementor-col-50 elementor-top-column elementor-element elementor-element-2eb557f\" data-id=\"2eb557f\" data-element_type=\"column\" data-e-type=\"column\">\n\t\t\t<div class=\"elementor-widget-wrap elementor-element-populated\">\n\t\t\t\t\t\t<div class=\"elementor-element elementor-element-e72155c elementor-widget elementor-widget-image\" data-id=\"e72155c\" data-element_type=\"widget\" data-e-type=\"widget\" data-widget_type=\"image.default\">\n\t\t\t\t<div class=\"elementor-widget-container\">\n\t\t\t\t\t\t\t\t\t\t\t\t\t\t\t<img fetchpriority=\"high\" decoding=\"async\" width=\"453\" height=\"237\" src=\"https:\/\/sustainableapprentices.eu\/wp-content\/uploads\/2023\/03\/logo_y_ods.svg\" class=\"attachment-large size-large wp-image-377\" alt=\"\" \/>\t\t\t\t\t\t\t\t\t\t\t\t\t\t\t<\/div>\n\t\t\t\t<\/div>\n\t\t\t\t<div class=\"elementor-element elementor-element-6ae43e8 elementor-widget elementor-widget-text-editor\" data-id=\"6ae43e8\" data-element_type=\"widget\" data-e-type=\"widget\" data-widget_type=\"text-editor.default\">\n\t\t\t\t<div class=\"elementor-widget-container\">\n\t\t\t\t\t\t\t\t\t<p>Formar a la mano de obra del futuro para aplicar los ODS en las pymes a trav\u00e9s del aprendizaje en los programas de formaci\u00f3n en empresas<\/p>\t\t\t\t\t\t\t\t<\/div>\n\t\t\t\t<\/div>\n\t\t\t\t\t<\/div>\n\t\t<\/div>\n\t\t\t\t\t<\/div>\n\t\t<\/section>\n\t\t\t\t<section class=\"elementor-section elementor-top-section elementor-element elementor-element-4cfa759 elementor-section-boxed elementor-section-height-default elementor-section-height-default wpr-particle-no wpr-jarallax-no wpr-parallax-no wpr-sticky-section-no wpr-column-slider-no wpr-equal-height-no\" data-id=\"4cfa759\" data-element_type=\"section\" data-e-type=\"section\" data-settings=\"{&quot;background_background&quot;:&quot;classic&quot;}\">\n\t\t\t\t\t\t<div class=\"elementor-container elementor-column-gap-default\">\n\t\t\t\t\t<div class=\"elementor-column elementor-col-50 elementor-top-column elementor-element elementor-element-714dfa6\" data-id=\"714dfa6\" data-element_type=\"column\" data-e-type=\"column\">\n\t\t\t<div class=\"elementor-widget-wrap elementor-element-populated\">\n\t\t\t\t\t\t<div class=\"elementor-element elementor-element-27fc394 elementor-widget elementor-widget-heading\" data-id=\"27fc394\" data-element_type=\"widget\" data-e-type=\"widget\" data-widget_type=\"heading.default\">\n\t\t\t\t<div class=\"elementor-widget-container\">\n\t\t\t\t\t<h2 class=\"elementor-heading-title elementor-size-default\">Objetivos<\/h2>\t\t\t\t<\/div>\n\t\t\t\t<\/div>\n\t\t\t\t<div class=\"elementor-element elementor-element-ba52b42 elementor-widget-divider--view-line elementor-widget elementor-widget-divider\" data-id=\"ba52b42\" data-element_type=\"widget\" data-e-type=\"widget\" data-widget_type=\"divider.default\">\n\t\t\t\t<div class=\"elementor-widget-container\">\n\t\t\t\t\t\t\t<div class=\"elementor-divider\">\n\t\t\t<span class=\"elementor-divider-separator\">\n\t\t\t\t\t\t<\/span>\n\t\t<\/div>\n\t\t\t\t\t\t<\/div>\n\t\t\t\t<\/div>\n\t\t\t\t<div class=\"elementor-element elementor-element-b9b0c3a elementor-widget elementor-widget-text-editor\" data-id=\"b9b0c3a\" data-element_type=\"widget\" data-e-type=\"widget\" data-widget_type=\"text-editor.default\">\n\t\t\t\t<div class=\"elementor-widget-container\">\n\t\t\t\t\t\t\t\t\t<p>Sustainable Apprentices aspira a ser la correa de transmisi\u00f3n entre el mercado laboral y la FP creando oportunidades de aprendizaje basadas en el trabajo a trav\u00e9s de aprendizajes alineados con los nuevos retos econ\u00f3micos y las nuevas demandas de las empresas de m\u00e9todos de trabajo y competencias m\u00e1s sostenibles. Los OBJETIVOS concretos son:<\/p>\t\t\t\t\t\t\t\t<\/div>\n\t\t\t\t<\/div>\n\t\t\t\t<div class=\"elementor-element elementor-element-665464e elementor-align-start elementor-icon-list--layout-traditional elementor-list-item-link-full_width elementor-widget elementor-widget-icon-list\" data-id=\"665464e\" data-element_type=\"widget\" data-e-type=\"widget\" data-widget_type=\"icon-list.default\">\n\t\t\t\t<div class=\"elementor-widget-container\">\n\t\t\t\t\t\t\t<ul class=\"elementor-icon-list-items\">\n\t\t\t\t\t\t\t<li class=\"elementor-icon-list-item\">\n\t\t\t\t\t\t\t\t\t\t\t<span class=\"elementor-icon-list-icon\">\n\t\t\t\t\t\t\t<i aria-hidden=\"true\" class=\"fas fa-check\"><\/i>\t\t\t\t\t\t<\/span>\n\t\t\t\t\t\t\t\t\t\t<span class=\"elementor-icon-list-text\">Desarrollar un nuevo plan de estudios ECET Europeo para apoyar la aplicaci\u00f3n de los ODS en las pymes a trav\u00e9s de programas de aprendizaje.<\/span>\n\t\t\t\t\t\t\t\t\t<\/li>\n\t\t\t\t\t\t\t\t<li class=\"elementor-icon-list-item\">\n\t\t\t\t\t\t\t\t\t\t\t<span class=\"elementor-icon-list-icon\">\n\t\t\t\t\t\t\t<i aria-hidden=\"true\" class=\"fas fa-check\"><\/i>\t\t\t\t\t\t<\/span>\n\t\t\t\t\t\t\t\t\t\t<span class=\"elementor-icon-list-text\">Formar a la mano de obra del futuro con competencias ecol\u00f3gicas y los ODS para apoyar la adaptaci\u00f3n de las pymes a los retos sostenibles actuales y las nuevas demandas econ\u00f3micas.<\/span>\n\t\t\t\t\t\t\t\t\t<\/li>\n\t\t\t\t\t\t\t\t<li class=\"elementor-icon-list-item\">\n\t\t\t\t\t\t\t\t\t\t\t<span class=\"elementor-icon-list-icon\">\n\t\t\t\t\t\t\t<i aria-hidden=\"true\" class=\"fas fa-check\"><\/i>\t\t\t\t\t\t<\/span>\n\t\t\t\t\t\t\t\t\t\t<span class=\"elementor-icon-list-text\">Concienciar sobre oportunidades derivadas de la implementaci\u00f3n de los ODS en las estrategias de negocios de las pymes.<\/span>\n\t\t\t\t\t\t\t\t\t<\/li>\n\t\t\t\t\t\t\t\t<li class=\"elementor-icon-list-item\">\n\t\t\t\t\t\t\t\t\t\t\t<span class=\"elementor-icon-list-icon\">\n\t\t\t\t\t\t\t<i aria-hidden=\"true\" class=\"fas fa-check\"><\/i>\t\t\t\t\t\t<\/span>\n\t\t\t\t\t\t\t\t\t\t<span class=\"elementor-icon-list-text\">Generar y desarrollar m\u00e9todos de aprendizaje basados en proyectos de los ODS adaptados a diferentes sectores de trabajo a trav\u00e9s del aprendizaje basado en el trabajo.<\/span>\n\t\t\t\t\t\t\t\t\t<\/li>\n\t\t\t\t\t\t\t\t<li class=\"elementor-icon-list-item\">\n\t\t\t\t\t\t\t\t\t\t\t<span class=\"elementor-icon-list-icon\">\n\t\t\t\t\t\t\t<i aria-hidden=\"true\" class=\"fas fa-check\"><\/i>\t\t\t\t\t\t<\/span>\n\t\t\t\t\t\t\t\t\t\t<span class=\"elementor-icon-list-text\">Comprender en la pr\u00e1ctica la capacidad individual de los trabajadores para promover mejoras sostenibles en la sociedad a trav\u00e9s de sus entornos laborales.<\/span>\n\t\t\t\t\t\t\t\t\t<\/li>\n\t\t\t\t\t\t<\/ul>\n\t\t\t\t\t\t<\/div>\n\t\t\t\t<\/div>\n\t\t\t\t\t<\/div>\n\t\t<\/div>\n\t\t\t\t<div class=\"elementor-column elementor-col-50 elementor-top-column elementor-element elementor-element-5d6fd90\" data-id=\"5d6fd90\" data-element_type=\"column\" data-e-type=\"column\">\n\t\t\t<div class=\"elementor-widget-wrap elementor-element-populated\">\n\t\t\t\t\t\t<div class=\"elementor-element elementor-element-dac51b7 elementor-widget elementor-widget-image\" data-id=\"dac51b7\" data-element_type=\"widget\" data-e-type=\"widget\" data-widget_type=\"image.default\">\n\t\t\t\t<div class=\"elementor-widget-container\">\n\t\t\t\t\t\t\t\t\t\t\t\t\t\t\t<img decoding=\"async\" width=\"744\" height=\"1024\" src=\"https:\/\/sustainableapprentices.eu\/wp-content\/uploads\/2023\/03\/Fotos-1-744x1024.png\" class=\"attachment-large size-large wp-image-393\" alt=\"\" srcset=\"https:\/\/sustainableapprentices.eu\/wp-content\/uploads\/2023\/03\/Fotos-1-744x1024.png 744w, https:\/\/sustainableapprentices.eu\/wp-content\/uploads\/2023\/03\/Fotos-1-218x300.png 218w, https:\/\/sustainableapprentices.eu\/wp-content\/uploads\/2023\/03\/Fotos-1-768x1057.png 768w, https:\/\/sustainableapprentices.eu\/wp-content\/uploads\/2023\/03\/Fotos-1.png 800w\" sizes=\"(max-width: 744px) 100vw, 744px\" \/>\t\t\t\t\t\t\t\t\t\t\t\t\t\t\t<\/div>\n\t\t\t\t<\/div>\n\t\t\t\t\t<\/div>\n\t\t<\/div>\n\t\t\t\t\t<\/div>\n\t\t<\/section>\n\t\t\t\t<section class=\"elementor-section elementor-top-section elementor-element elementor-element-ae962f4 elementor-section-boxed elementor-section-height-default elementor-section-height-default wpr-particle-no wpr-jarallax-no wpr-parallax-no wpr-sticky-section-no wpr-column-slider-no wpr-equal-height-no\" data-id=\"ae962f4\" data-element_type=\"section\" data-e-type=\"section\" data-settings=\"{&quot;background_background&quot;:&quot;classic&quot;}\">\n\t\t\t\t\t\t<div class=\"elementor-container elementor-column-gap-default\">\n\t\t\t\t\t<div class=\"elementor-column elementor-col-50 elementor-top-column elementor-element elementor-element-92b9786\" data-id=\"92b9786\" data-element_type=\"column\" data-e-type=\"column\">\n\t\t\t<div class=\"elementor-widget-wrap elementor-element-populated\">\n\t\t\t\t\t\t<div class=\"elementor-element elementor-element-3b4f860 elementor-widget elementor-widget-heading\" data-id=\"3b4f860\" data-element_type=\"widget\" data-e-type=\"widget\" data-widget_type=\"heading.default\">\n\t\t\t\t<div class=\"elementor-widget-container\">\n\t\t\t\t\t<h2 class=\"elementor-heading-title elementor-size-default\">Resultados<\/h2>\t\t\t\t<\/div>\n\t\t\t\t<\/div>\n\t\t\t\t<div class=\"elementor-element elementor-element-a2c02e1 elementor-widget-divider--view-line elementor-widget elementor-widget-divider\" data-id=\"a2c02e1\" data-element_type=\"widget\" data-e-type=\"widget\" data-widget_type=\"divider.default\">\n\t\t\t\t<div class=\"elementor-widget-container\">\n\t\t\t\t\t\t\t<div class=\"elementor-divider\">\n\t\t\t<span class=\"elementor-divider-separator\">\n\t\t\t\t\t\t<\/span>\n\t\t<\/div>\n\t\t\t\t\t\t<\/div>\n\t\t\t\t<\/div>\n\t\t\t\t<div class=\"elementor-element elementor-element-30b9975 elementor-widget elementor-widget-text-editor\" data-id=\"30b9975\" data-element_type=\"widget\" data-e-type=\"widget\" data-widget_type=\"text-editor.default\">\n\t\t\t\t<div class=\"elementor-widget-container\">\n\t\t\t\t\t\t\t\t\t<p>Para lograr estos objetivos, el proyecto desarrollar\u00e1 un conjunto estructurado de competencias basadas en las normas y m\u00e9todos de la UE para apoyar los programas de aprendizaje con el objetivo de implementar los ODS en las pymes, un instrumento educativo basado en las TIC para mejorar las competencias de los educadores de EFP y los formadores en la empresa trav\u00e9s de programas de aprendizaje, incluyendo una base de datos digital, una base te\u00f3rica y pedag\u00f3gica, un curso de aprendizaje combinado y un marco metodol\u00f3gico para facilitar la transferibilidad y replicabilidiad de los resultados del proyecto por parte de otros proveedores de EFP y pymes Europeos e internacionales.<\/p>\t\t\t\t\t\t\t\t<\/div>\n\t\t\t\t<\/div>\n\t\t\t\t\t<\/div>\n\t\t<\/div>\n\t\t\t\t<div class=\"elementor-column elementor-col-50 elementor-top-column elementor-element elementor-element-d4daa88\" data-id=\"d4daa88\" data-element_type=\"column\" data-e-type=\"column\">\n\t\t\t<div class=\"elementor-widget-wrap elementor-element-populated\">\n\t\t\t\t\t\t<div class=\"elementor-element elementor-element-37bf91b elementor-widget elementor-widget-image\" data-id=\"37bf91b\" data-element_type=\"widget\" data-e-type=\"widget\" data-widget_type=\"image.default\">\n\t\t\t\t<div class=\"elementor-widget-container\">\n\t\t\t\t\t\t\t\t\t\t\t\t\t\t\t<img decoding=\"async\" width=\"250\" height=\"163\" src=\"https:\/\/sustainableapprentices.eu\/wp-content\/uploads\/2023\/03\/cuadricula_puntos_verdes.svg\" class=\"attachment-large size-large wp-image-401\" alt=\"\" \/>\t\t\t\t\t\t\t\t\t\t\t\t\t\t\t<\/div>\n\t\t\t\t<\/div>\n\t\t\t\t\t<\/div>\n\t\t<\/div>\n\t\t\t\t\t<\/div>\n\t\t<\/section>\n\t\t\t\t<section class=\"elementor-section elementor-top-section elementor-element elementor-element-cd9c5f7 elementor-section-boxed elementor-section-height-default elementor-section-height-default wpr-particle-no wpr-jarallax-no wpr-parallax-no wpr-sticky-section-no wpr-column-slider-no wpr-equal-height-no\" data-id=\"cd9c5f7\" data-element_type=\"section\" data-e-type=\"section\" data-settings=\"{&quot;background_background&quot;:&quot;classic&quot;}\">\n\t\t\t\t\t\t<div class=\"elementor-container elementor-column-gap-default\">\n\t\t\t\t\t<div class=\"elementor-column elementor-col-50 elementor-top-column elementor-element elementor-element-a1cff2b\" data-id=\"a1cff2b\" data-element_type=\"column\" data-e-type=\"column\">\n\t\t\t<div class=\"elementor-widget-wrap elementor-element-populated\">\n\t\t\t\t\t\t<div class=\"elementor-element elementor-element-4747625 elementor-widget elementor-widget-heading\" data-id=\"4747625\" data-element_type=\"widget\" data-e-type=\"widget\" data-widget_type=\"heading.default\">\n\t\t\t\t<div class=\"elementor-widget-container\">\n\t\t\t\t\t<h2 class=\"elementor-heading-title elementor-size-default\">Beneficiarios<\/h2>\t\t\t\t<\/div>\n\t\t\t\t<\/div>\n\t\t\t\t<div class=\"elementor-element elementor-element-4ec5e75 elementor-widget-divider--view-line elementor-widget elementor-widget-divider\" data-id=\"4ec5e75\" data-element_type=\"widget\" data-e-type=\"widget\" data-widget_type=\"divider.default\">\n\t\t\t\t<div class=\"elementor-widget-container\">\n\t\t\t\t\t\t\t<div class=\"elementor-divider\">\n\t\t\t<span class=\"elementor-divider-separator\">\n\t\t\t\t\t\t<\/span>\n\t\t<\/div>\n\t\t\t\t\t\t<\/div>\n\t\t\t\t<\/div>\n\t\t\t\t<div class=\"elementor-element elementor-element-a70fb55 elementor-widget elementor-widget-text-editor\" data-id=\"a70fb55\" data-element_type=\"widget\" data-e-type=\"widget\" data-widget_type=\"text-editor.default\">\n\t\t\t\t<div class=\"elementor-widget-container\">\n\t\t\t\t\t\t\t\t\t<p>El proyecto involucrar\u00e1 a los estudiantes de FP a trav\u00e9s del aprendizaje basado en proyectos, desarrollando competencias transversales de sostenibilidad, familiariz\u00e1ndose con los ODS a trav\u00e9s de la gamificaci\u00f3n y pudiendo elegir su \u00e1mbito sostenible preferido para desarrollar un proyecto aplicado a su campo de trabajo. Esto producir\u00e1 resultados de aprendizaje cognitivos, socioemocionales y conductuales espec\u00edficos en l\u00ednea con la Agenda 2030.<\/p><p>Sustainable Apprentices se dirige a los <strong>educadores de FP y a los formadores de las empresas<\/strong>, como usuarios, y a los <strong>estudiantes de FP y a las pymes<\/strong>, como beneficiarios.<\/p>\t\t\t\t\t\t\t\t<\/div>\n\t\t\t\t<\/div>\n\t\t\t\t\t<\/div>\n\t\t<\/div>\n\t\t\t\t<div class=\"elementor-column elementor-col-50 elementor-top-column elementor-element elementor-element-c11c905\" data-id=\"c11c905\" data-element_type=\"column\" data-e-type=\"column\">\n\t\t\t<div class=\"elementor-widget-wrap elementor-element-populated\">\n\t\t\t\t\t\t<div class=\"elementor-element elementor-element-da01cb7 elementor-widget elementor-widget-image\" data-id=\"da01cb7\" data-element_type=\"widget\" data-e-type=\"widget\" data-widget_type=\"image.default\">\n\t\t\t\t<div class=\"elementor-widget-container\">\n\t\t\t\t\t\t\t\t\t\t\t\t\t\t\t<img loading=\"lazy\" decoding=\"async\" width=\"744\" height=\"1024\" src=\"https:\/\/sustainableapprentices.eu\/wp-content\/uploads\/2023\/03\/Fotos-2-744x1024.png\" class=\"attachment-large size-large wp-image-405\" alt=\"\" srcset=\"https:\/\/sustainableapprentices.eu\/wp-content\/uploads\/2023\/03\/Fotos-2-744x1024.png 744w, https:\/\/sustainableapprentices.eu\/wp-content\/uploads\/2023\/03\/Fotos-2-218x300.png 218w, https:\/\/sustainableapprentices.eu\/wp-content\/uploads\/2023\/03\/Fotos-2-768x1057.png 768w, https:\/\/sustainableapprentices.eu\/wp-content\/uploads\/2023\/03\/Fotos-2.png 800w\" sizes=\"(max-width: 744px) 100vw, 744px\" \/>\t\t\t\t\t\t\t\t\t\t\t\t\t\t\t<\/div>\n\t\t\t\t<\/div>\n\t\t\t\t\t<\/div>\n\t\t<\/div>\n\t\t\t\t\t<\/div>\n\t\t<\/section>\n\t\t\t\t<\/div>\n\t\t","protected":false},"excerpt":{"rendered":"<p>El proyecto Sustainable Apprentices tiene como objetivo apoyar a los profesores de FP y a los formadores en la empresa para establecer programas de aprendizaje que creen nuevas oportunidades de aprendizaje basado en el trabajo para fomentar la implementaci\u00f3n de los Objetivos de Desarrollo Sostenible (ODS) en las peque\u00f1as y medianas empresas (pymes) a trav\u00e9s de herramientas digitales y aprendizaje basado en proyectos para proporcionar a los estudiantes de FP conocimientos sobre pr\u00e1cticas y habilidades sostenibles, altamente demandadas y necesarias por las pymes de hoy en d\u00eda. El sector privado es un componente crucial del desarrollo sostenible, y las peque\u00f1as y medianas empresas, que representan el 99,8% de las empresas en Europa y emplean al 97,74% de la mano de obra, son un aspecto significativo de la transici\u00f3n sostenible. Por lo tanto, es crucial educar a la mano de obra del futuro en los principios de la econom\u00eda sostenible, la protecci\u00f3n del medio ambiente y la inclusi\u00f3n con el fin de dar forma a la cultura laboral y empresarial de la pr\u00f3xima generaci\u00f3n a la que le quedan menos de diez a\u00f1os para alcanzar los 17 (ODS) establecidos por la Agenda 2030 de la ONU. Formar a la mano de obra del futuro para aplicar los ODS en las pymes a trav\u00e9s del aprendizaje en los programas de formaci\u00f3n en empresas Objetivos Sustainable Apprentices aspira a ser la correa de transmisi\u00f3n entre el mercado laboral y la FP creando oportunidades de aprendizaje basadas en el trabajo a trav\u00e9s de aprendizajes alineados con los nuevos retos econ\u00f3micos y las nuevas demandas de las empresas de m\u00e9todos de trabajo y competencias m\u00e1s sostenibles. Los OBJETIVOS concretos son: Desarrollar un nuevo plan de estudios ECET Europeo para apoyar la aplicaci\u00f3n de los ODS en las pymes a trav\u00e9s de programas de aprendizaje. Formar a la mano de obra del futuro con competencias ecol\u00f3gicas y los ODS para apoyar la adaptaci\u00f3n de las pymes a los retos sostenibles actuales y las nuevas demandas econ\u00f3micas. Concienciar sobre oportunidades derivadas de la implementaci\u00f3n de los ODS en las estrategias de negocios de las pymes. Generar y desarrollar m\u00e9todos de aprendizaje basados en proyectos de los ODS adaptados a diferentes sectores de trabajo a trav\u00e9s del aprendizaje basado en el trabajo. Comprender en la pr\u00e1ctica la capacidad individual de los trabajadores para promover mejoras sostenibles en la sociedad a trav\u00e9s de sus entornos laborales. Resultados Para lograr estos objetivos, el proyecto desarrollar\u00e1 un conjunto estructurado de competencias basadas en las normas y m\u00e9todos de la UE para apoyar los programas de aprendizaje con el objetivo de implementar los ODS en las pymes, un instrumento educativo basado en las TIC para mejorar las competencias de los educadores de EFP y los formadores en la empresa trav\u00e9s de programas de aprendizaje, incluyendo una base de datos digital, una base te\u00f3rica y pedag\u00f3gica, un curso de aprendizaje combinado y un marco metodol\u00f3gico para facilitar la transferibilidad y replicabilidiad de los resultados del proyecto por parte de otros proveedores de EFP y pymes Europeos e internacionales. Beneficiarios El proyecto involucrar\u00e1 a los estudiantes de FP a trav\u00e9s del aprendizaje basado en proyectos, desarrollando competencias transversales de sostenibilidad, familiariz\u00e1ndose con los ODS a trav\u00e9s de la gamificaci\u00f3n y pudiendo elegir su \u00e1mbito sostenible preferido para desarrollar un proyecto aplicado a su campo de trabajo. Esto producir\u00e1 resultados de aprendizaje cognitivos, socioemocionales y conductuales espec\u00edficos en l\u00ednea con la Agenda 2030. Sustainable Apprentices se dirige a los educadores de FP y a los formadores de las empresas, como usuarios, y a los estudiantes de FP y a las pymes, como beneficiarios.<\/p>\n","protected":false},"author":1,"featured_media":0,"parent":0,"menu_order":0,"comment_status":"closed","ping_status":"closed","template":"elementor_header_footer","meta":{"_acf_changed":false,"footnotes":""},"class_list":["post-503","page","type-page","status-publish","hentry"],"acf":[],"_links":{"self":[{"href":"https:\/\/sustainableapprentices.eu\/es\/wp-json\/wp\/v2\/pages\/503","targetHints":{"allow":["GET"]}}],"collection":[{"href":"https:\/\/sustainableapprentices.eu\/es\/wp-json\/wp\/v2\/pages"}],"about":[{"href":"https:\/\/sustainableapprentices.eu\/es\/wp-json\/wp\/v2\/types\/page"}],"author":[{"embeddable":true,"href":"https:\/\/sustainableapprentices.eu\/es\/wp-json\/wp\/v2\/users\/1"}],"replies":[{"embeddable":true,"href":"https:\/\/sustainableapprentices.eu\/es\/wp-json\/wp\/v2\/comments?post=503"}],"version-history":[{"count":29,"href":"https:\/\/sustainableapprentices.eu\/es\/wp-json\/wp\/v2\/pages\/503\/revisions"}],"predecessor-version":[{"id":786,"href":"https:\/\/sustainableapprentices.eu\/es\/wp-json\/wp\/v2\/pages\/503\/revisions\/786"}],"wp:attachment":[{"href":"https:\/\/sustainableapprentices.eu\/es\/wp-json\/wp\/v2\/media?parent=503"}],"curies":[{"name":"wp","href":"https:\/\/api.w.org\/{rel}","templated":true}]}}